{"id":10320,"date":"2016-03-20T14:36:36","date_gmt":"2016-03-20T14:36:36","guid":{"rendered":"https:\/\/monasalehi.wpengine.com\/\/?page_id=10320&#038;lang=fr"},"modified":"2024-12-30T15:50:46","modified_gmt":"2024-12-30T19:50:46","slug":"partage-du-patrimoine-familial","status":"publish","type":"page","link":"https:\/\/monasalehinotaire.com\/fr\/partage-du-patrimoine-familial\/","title":{"rendered":"Partage du patrimoine familial"},"content":{"rendered":"<p><div class=\"fusion-fullwidth fullwidth-box fusion-builder-row-1 fusion-flex-container hundred-percent-fullwidth non-hundred-percent-height-scrolling\" style=\"--awb-border-radius-top-left:0px;--awb-border-radius-top-right:0px;--awb-border-radius-bottom-right:0px;--awb-border-radius-bottom-left:0px;--awb-padding-right:10vw;--awb-padding-bottom:30px;--awb-padding-left:10vw;--awb-flex-wrap:wrap;\" ><div class=\"fusion-builder-row fusion-row fusion-flex-align-items-flex-start fusion-flex-content-wrap\" style=\"width:105% !important;max-width:105% !important;margin-left: calc(-5% \/ 2 );margin-right: calc(-5% \/ 2 );\"><div class=\"fusion-layout-column fusion_builder_column fusion-builder-column-0 fusion_builder_column_1_1 1_1 fusion-flex-column\" style=\"--awb-bg-size:cover;--awb-width-large:100%;--awb-margin-top-large:0px;--awb-spacing-right-large:2.375%;--awb-margin-bottom-large:20px;--awb-spacing-left-large:2.375%;--awb-width-medium:100%;--awb-order-medium:0;--awb-spacing-right-medium:2.375%;--awb-spacing-left-medium:2.375%;--awb-width-small:100%;--awb-order-small:0;--awb-spacing-right-small:2.375%;--awb-spacing-left-small:2.375%;\"><div class=\"fusion-column-wrapper fusion-column-has-shadow fusion-flex-justify-content-flex-start fusion-content-layout-column\"><div class=\"fusion-text fusion-text-1\" style=\"--awb-content-alignment:center;--awb-font-size:16px;\"><h2>C\u2019est au moment du divorce que les \u00e9poux auront \u00e0 proc\u00e9der au partage du patrimoine familial.<br \/>\nContactez sans plus tarder Me Mona Salehi au <a href=\"tel:+1514 9038560\">514 903 &#8211; 8560<\/a><\/h2>\n<p>C\u2019est la loi qui dresse la liste des biens faisant partie du patrimoine familial. Tous les biens qui ne figurent pas sur cette liste font partie de votre r\u00e9gime matrimonial.<\/p>\n<\/div><\/div><\/div><\/div><\/div><div class=\"fusion-fullwidth fullwidth-box fusion-builder-row-2 fusion-flex-container nonhundred-percent-fullwidth non-hundred-percent-height-scrolling\" style=\"--awb-border-color:var(--awb-color4);--awb-border-radius-top-left:0px;--awb-border-radius-top-right:0px;--awb-border-radius-bottom-right:0px;--awb-border-radius-bottom-left:0px;--awb-padding-top:0px;--awb-padding-right:10vw;--awb-padding-bottom:0px;--awb-padding-left:10vw;--awb-padding-right-small:0px;--awb-padding-left-small:0px;--awb-margin-bottom:50px;--awb-margin-bottom-small:-30px;--awb-background-color:var(--awb-color1);--awb-flex-wrap:wrap;\" ><div class=\"fusion-builder-row fusion-row fusion-flex-align-items-stretch fusion-flex-content-wrap\" style=\"max-width:calc( 1300px + 0px );margin-left: calc(-0px \/ 2 );margin-right: calc(-0px \/ 2 );\"><div class=\"fusion-layout-column fusion_builder_column fusion-builder-column-1 fusion_builder_column_1_2 1_2 fusion-flex-column fusion-flex-align-self-stretch\" style=\"--awb-padding-top:50px;--awb-padding-right:3vw;--awb-padding-bottom:50px;--awb-padding-left:3vw;--awb-padding-top-medium:0px;--awb-padding-right-medium:30px;--awb-padding-bottom-medium:0px;--awb-padding-left-medium:30px;--awb-padding-right-small:30px;--awb-padding-left-small:30px;--awb-overflow:hidden;--awb-bg-color:rgba(35,24,0,0.46);--awb-bg-color-hover:rgba(35,24,0,0.46);--awb-bg-position:center center;--awb-bg-blend:overlay;--awb-bg-size:cover;--awb-border-radius:8px 0px 0px 8px;--awb-width-large:50%;--awb-margin-top-large:0px;--awb-spacing-right-large:0px;--awb-margin-bottom-large:0px;--awb-spacing-left-large:0px;--awb-width-medium:50%;--awb-order-medium:0;--awb-spacing-right-medium:0px;--awb-spacing-left-medium:0px;--awb-width-small:100%;--awb-order-small:0;--awb-spacing-right-small:0px;--awb-spacing-left-small:0px;\" id=\"slider-form\"><div class=\"fusion-column-wrapper lazyload fusion-column-has-shadow fusion-flex-justify-content-center fusion-content-layout-column fusion-column-has-bg-image\" data-bg-url=\"https:\/\/avada.theme-fusion.com\/psychology\/wp-content\/uploads\/sites\/149\/2020\/10\/info-7.jpg\" data-bg=\"https:\/\/avada.theme-fusion.com\/psychology\/wp-content\/uploads\/sites\/149\/2020\/10\/info-7.jpg\"><div class=\"fusion-title title fusion-title-1 fusion-sep-none fusion-title-center fusion-title-text fusion-title-size-two\" style=\"--awb-text-color:var(--awb-color1);--awb-margin-top-small:10px;--awb-margin-right-small:0px;--awb-margin-bottom-small:10px;--awb-margin-left-small:0px;\"><h2 class=\"fusion-title-heading title-heading-center\" style=\"margin:0;\">Nous contacter<\/h2><\/div>\n<div class=\"wpcf7 no-js\" id=\"wpcf7-f10050-o1\" lang=\"en-CA\" dir=\"ltr\" data-wpcf7-id=\"10050\">\n<div class=\"screen-reader-response\"><p role=\"status\" aria-live=\"polite\" aria-atomic=\"true\"><\/p> <ul><\/ul><\/div>\n<form action=\"\/fr\/wp-json\/wp\/v2\/pages\/10320#wpcf7-f10050-o1\" method=\"post\" class=\"wpcf7-form init\" aria-label=\"Contact form\" novalidate=\"novalidate\" data-status=\"init\">\n<fieldset class=\"hidden-fields-container\"><input type=\"hidden\" name=\"_wpcf7\" value=\"10050\" \/><input type=\"hidden\" name=\"_wpcf7_version\" value=\"6.1.5\" \/><input type=\"hidden\" name=\"_wpcf7_locale\" value=\"en_CA\" \/><input type=\"hidden\" name=\"_wpcf7_unit_tag\" value=\"wpcf7-f10050-o1\" \/><input type=\"hidden\" name=\"_wpcf7_container_post\" value=\"0\" \/><input type=\"hidden\" name=\"_wpcf7_posted_data_hash\" value=\"\" \/><input type=\"hidden\" name=\"_wpcf7_recaptcha_response\" value=\"\" \/>\n<\/fieldset>\n<div class=\"row\">\n\t<div class=\"grid-1-3\">\n\t\t<p><span class=\"wpcf7-form-control-wrap\" data-name=\"Name\"><input size=\"40\" maxlength=\"400\" class=\"wpcf7-form-control wpcf7-text wpcf7-validates-as-required\" aria-required=\"true\" aria-invalid=\"false\" placeholder=\"Nom\" value=\"\" type=\"text\" name=\"Name\" \/><\/span>\n\t\t<\/p>\n\t<\/div>\n\t<div class=\"grid-1-3\">\n\t\t<p><span class=\"wpcf7-form-control-wrap\" data-name=\"E-mail\"><input size=\"40\" maxlength=\"400\" class=\"wpcf7-form-control wpcf7-text wpcf7-validates-as-required\" aria-required=\"true\" aria-invalid=\"false\" placeholder=\"E-mail\" value=\"\" type=\"text\" name=\"E-mail\" \/><\/span>\n\t\t<\/p>\n\t<\/div>\n\t<div class=\"grid-1-3\">\n\t\t<p><span class=\"wpcf7-form-control-wrap\" data-name=\"Phone\"><input size=\"40\" maxlength=\"400\" class=\"wpcf7-form-control wpcf7-text\" aria-invalid=\"false\" placeholder=\"T\u00e9l\u00e9phone\" value=\"\" type=\"text\" name=\"Phone\" \/><\/span>\n\t\t<\/p>\n\t<\/div>\n\t<div class=\"grid-1-1\">\n\t\t<p><span class=\"wpcf7-form-control-wrap\" data-name=\"Subject\"><input size=\"40\" maxlength=\"400\" class=\"wpcf7-form-control wpcf7-text wpcf7-validates-as-required\" aria-required=\"true\" aria-invalid=\"false\" placeholder=\"Sujet\" value=\"\" type=\"text\" name=\"Subject\" \/><\/span>\n\t\t<\/p>\n\t<\/div>\n\t<div class=\"grid-1-1\">\n\t\t<p><span class=\"wpcf7-form-control-wrap\" data-name=\"Message\"><textarea cols=\"40\" rows=\"6\" maxlength=\"2000\" class=\"wpcf7-form-control wpcf7-textarea wpcf7-validates-as-required\" aria-required=\"true\" aria-invalid=\"false\" placeholder=\"Votre massage...\" name=\"Message\"><\/textarea><\/span>\n\t\t<\/p>\n\t<\/div>\n\t<div style= \"text-align: center;\">\n\t\t<p><input class=\"wpcf7-form-control wpcf7-submit has-spinner\" type=\"submit\" value=\"Envoyez \u2192\" \/>\n\t\t<\/p>\n\t<\/div>\n<\/div><div class=\"fusion-alert alert custom alert-custom fusion-alert-center wpcf7-response-output awb-alert-native-link-color alert-dismissable awb-alert-close-boxed\" style=\"--awb-border-size:1px;--awb-border-top-left-radius:0px;--awb-border-top-right-radius:0px;--awb-border-bottom-left-radius:0px;--awb-border-bottom-right-radius:0px;\" role=\"alert\"><div class=\"fusion-alert-content-wrapper\"><span class=\"fusion-alert-content\"><\/span><\/div><button type=\"button\" class=\"close toggle-alert\" data-dismiss=\"alert\" aria-label=\"Close\">&times;<\/button><\/div>\n<\/form>\n<\/div>\n<\/div><\/div><div class=\"fusion-layout-column fusion_builder_column fusion-builder-column-2 fusion_builder_column_1_2 1_2 fusion-flex-column\" style=\"--awb-padding-top:6vh;--awb-padding-right:3vw;--awb-padding-bottom:6vh;--awb-padding-left:3vw;--awb-padding-top-medium:8vw;--awb-padding-bottom-medium:8vw;--awb-padding-top-small:3vh;--awb-padding-bottom-small:3vh;--awb-overflow:hidden;--awb-bg-color:var(--awb-color2);--awb-bg-color-hover:var(--awb-color2);--awb-bg-size:cover;--awb-border-color:var(--awb-color4);--awb-border-style:solid;--awb-border-radius:0px 8px 8px 0px;--awb-width-large:50%;--awb-margin-top-large:0px;--awb-spacing-right-large:0px;--awb-margin-bottom-large:0px;--awb-spacing-left-large:0px;--awb-width-medium:50%;--awb-order-medium:0;--awb-spacing-right-medium:0px;--awb-spacing-left-medium:0px;--awb-width-small:100%;--awb-order-small:1;--awb-spacing-right-small:0px;--awb-spacing-left-small:0px;\"><div class=\"fusion-column-wrapper fusion-column-has-shadow fusion-flex-justify-content-flex-start fusion-content-layout-column\"><div class=\"fusion-title title fusion-title-2 fusion-sep-none fusion-title-text fusion-title-size-two\" style=\"--awb-margin-bottom:10px;--awb-margin-top-small:10px;--awb-margin-right-small:0px;--awb-margin-bottom-small:10px;--awb-margin-left-small:0px;\"><h2 class=\"fusion-title-heading title-heading-left\" style=\"margin:0;line-height:1.3;\">Pourquoi retenir les services d\u2019un notaire pour effectuer le partage du patrimoine familial?<\/h2><\/div><div class=\"fusion-text fusion-text-2\" style=\"--awb-content-alignment:left;--awb-font-size:16px;\"><p>\u00c9tablir la liste des biens, en calculer la valeur marchande, y soustraire les dettes et certains autres montants, \u00e9tablir la valeur partageable des biens, toutes ces t\u00e2ches sont complexes et r\u00e9pondent \u00e0 certaines r\u00e8gles et calculs qu\u2019il peut \u00eatre difficile de conna\u00eetre pour une personne non sp\u00e9cialis\u00e9e. Gr\u00e2ce \u00e0 ses connaissances en droit de la famille et \u00e0 son expertise des r\u00e9gimes matrimoniaux, le notaire est le professionnel juridique tout d\u00e9sign\u00e9 pour vous accompagner dans cette d\u00e9marche.<\/p>\n<\/div><div class=\"fusion-title title fusion-title-3 fusion-sep-none fusion-title-text fusion-title-size-two\" style=\"--awb-margin-bottom:10px;--awb-margin-top-small:10px;--awb-margin-right-small:0px;--awb-margin-bottom-small:10px;--awb-margin-left-small:0px;\"><h2 class=\"fusion-title-heading title-heading-left\" style=\"margin:0;line-height:1.3;\">Vous recherchez un notaire \u00e0 Montr\u00e9al pour pr\u00e9parer le calcul de votre patrimoine familial?<\/h2><\/div><div class=\"fusion-text fusion-text-3\" style=\"--awb-content-alignment:left;--awb-font-size:16px;\"><p>Contactez sans plus tarder\u00a0<b>Me Mona Salehi<\/b>\u00a0au\u00a0<b>514 903-8560<\/b>. Me Mona Salehi est membre de la\u00a0<a href=\"http:\/\/www.cnq.org\/\">Chambre des notaires du Qu\u00e9bec<\/a>, de de l\u2019<a href=\"https:\/\/www.apnq.qc.ca\/\">Association professionnelle des notaires du Qu\u00e9bec<\/a>, de l\u2019<a href=\"http:\/\/imaq.org\/\">Institut de m\u00e9diation et d\u2019arbitrage du Qu\u00e9bec<\/a>\u00a0et de l\u2019<a href=\"http:\/\/www.uinl.org\/\">Union internationale du notariat<\/a>.<\/p>\n<\/div><\/div><\/div><\/div><\/div><\/p>\n","protected":false},"excerpt":{"rendered":"","protected":false},"author":1,"featured_media":13700,"parent":0,"menu_order":0,"comment_status":"closed","ping_status":"closed","template":"","meta":{"_acf_changed":false,"footnotes":""},"class_list":["post-10320","page","type-page","status-publish","has-post-thumbnail","hentry"],"acf":[],"yoast_head":"<!-- This site is optimized with the Yoast SEO plugin v27.4 - https:\/\/yoast.com\/product\/yoast-seo-wordpress\/ -->\n<title>Partage du patrimoine familial - Mona Salehi Notaire<\/title>\n<meta name=\"description\" content=\"Informez-vous sur le partage du patrimoine familial au Qu\u00e9bec, y compris les r\u00e8gles, les droits et les options pour une r\u00e9partition \u00e9quitable.\" \/>\n<meta name=\"robots\" content=\"index, follow, max-snippet:-1, max-image-preview:large, max-video-preview:-1\" \/>\n<link rel=\"canonical\" href=\"https:\/\/monasalehinotaire.com\/fr\/partage-du-patrimoine-familial\/\" \/>\n<meta name=\"twitter:label1\" content=\"Est. reading time\" \/>\n\t<meta name=\"twitter:data1\" content=\"2 minutes\" \/>\n<script type=\"application\/ld+json\" class=\"yoast-schema-graph\">{\"@context\":\"https:\\\/\\\/schema.org\",\"@graph\":[{\"@type\":\"WebPage\",\"@id\":\"https:\\\/\\\/monasalehinotaire.com\\\/fr\\\/partage-du-patrimoine-familial\\\/\",\"url\":\"https:\\\/\\\/monasalehinotaire.com\\\/fr\\\/partage-du-patrimoine-familial\\\/\",\"name\":\"Partage du patrimoine familial - Mona Salehi Notaire\",\"isPartOf\":{\"@id\":\"https:\\\/\\\/monasalehinotaire.com\\\/#website\"},\"primaryImageOfPage\":{\"@id\":\"https:\\\/\\\/monasalehinotaire.com\\\/fr\\\/partage-du-patrimoine-familial\\\/#primaryimage\"},\"image\":{\"@id\":\"https:\\\/\\\/monasalehinotaire.com\\\/fr\\\/partage-du-patrimoine-familial\\\/#primaryimage\"},\"thumbnailUrl\":\"https:\\\/\\\/monasalehinotaire.com\\\/wp-content\\\/uploads\\\/2020\\\/08\\\/mona-salehi-notaire.jpg\",\"datePublished\":\"2016-03-20T14:36:36+00:00\",\"dateModified\":\"2024-12-30T19:50:46+00:00\",\"description\":\"Informez-vous sur le partage du patrimoine familial au Qu\u00e9bec, y compris les r\u00e8gles, les droits et les options pour une r\u00e9partition \u00e9quitable.\",\"inLanguage\":\"fr-CA\",\"potentialAction\":[{\"@type\":\"ReadAction\",\"target\":[\"https:\\\/\\\/monasalehinotaire.com\\\/fr\\\/partage-du-patrimoine-familial\\\/\"]}]},{\"@type\":\"ImageObject\",\"inLanguage\":\"fr-CA\",\"@id\":\"https:\\\/\\\/monasalehinotaire.com\\\/fr\\\/partage-du-patrimoine-familial\\\/#primaryimage\",\"url\":\"https:\\\/\\\/monasalehinotaire.com\\\/wp-content\\\/uploads\\\/2020\\\/08\\\/mona-salehi-notaire.jpg\",\"contentUrl\":\"https:\\\/\\\/monasalehinotaire.com\\\/wp-content\\\/uploads\\\/2020\\\/08\\\/mona-salehi-notaire.jpg\",\"width\":2048,\"height\":655,\"caption\":\"Our Services\"},{\"@type\":\"WebSite\",\"@id\":\"https:\\\/\\\/monasalehinotaire.com\\\/#website\",\"url\":\"https:\\\/\\\/monasalehinotaire.com\\\/\",\"name\":\"Mtre. Mona Salehi, notary in Montreal\",\"description\":\"\",\"publisher\":{\"@id\":\"https:\\\/\\\/monasalehinotaire.com\\\/#organization\"},\"potentialAction\":[{\"@type\":\"SearchAction\",\"target\":{\"@type\":\"EntryPoint\",\"urlTemplate\":\"https:\\\/\\\/monasalehinotaire.com\\\/?s={search_term_string}\"},\"query-input\":{\"@type\":\"PropertyValueSpecification\",\"valueRequired\":true,\"valueName\":\"search_term_string\"}}],\"inLanguage\":\"fr-CA\"},{\"@type\":\"Organization\",\"@id\":\"https:\\\/\\\/monasalehinotaire.com\\\/#organization\",\"name\":\"Mtre. Mona Salehi, notary in Montreal\",\"url\":\"https:\\\/\\\/monasalehinotaire.com\\\/\",\"logo\":{\"@type\":\"ImageObject\",\"inLanguage\":\"fr-CA\",\"@id\":\"https:\\\/\\\/monasalehinotaire.com\\\/#\\\/schema\\\/logo\\\/image\\\/\",\"url\":\"https:\\\/\\\/monasalehinotaire.com\\\/wp-content\\\/uploads\\\/2016\\\/04\\\/Mona-logo-new.png\",\"contentUrl\":\"https:\\\/\\\/monasalehinotaire.com\\\/wp-content\\\/uploads\\\/2016\\\/04\\\/Mona-logo-new.png\",\"width\":603,\"height\":140,\"caption\":\"Mtre. Mona Salehi, notary in Montreal\"},\"image\":{\"@id\":\"https:\\\/\\\/monasalehinotaire.com\\\/#\\\/schema\\\/logo\\\/image\\\/\"}}]}<\/script>\n<!-- \/ Yoast SEO plugin. -->","yoast_head_json":{"title":"Partage du patrimoine familial - Mona Salehi Notaire","description":"Informez-vous sur le partage du patrimoine familial au Qu\u00e9bec, y compris les r\u00e8gles, les droits et les options pour une r\u00e9partition \u00e9quitable.","robots":{"index":"index","follow":"follow","max-snippet":"max-snippet:-1","max-image-preview":"max-image-preview:large","max-video-preview":"max-video-preview:-1"},"canonical":"https:\/\/monasalehinotaire.com\/fr\/partage-du-patrimoine-familial\/","twitter_misc":{"Est. reading time":"2 minutes"},"schema":{"@context":"https:\/\/schema.org","@graph":[{"@type":"WebPage","@id":"https:\/\/monasalehinotaire.com\/fr\/partage-du-patrimoine-familial\/","url":"https:\/\/monasalehinotaire.com\/fr\/partage-du-patrimoine-familial\/","name":"Partage du patrimoine familial - Mona Salehi Notaire","isPartOf":{"@id":"https:\/\/monasalehinotaire.com\/#website"},"primaryImageOfPage":{"@id":"https:\/\/monasalehinotaire.com\/fr\/partage-du-patrimoine-familial\/#primaryimage"},"image":{"@id":"https:\/\/monasalehinotaire.com\/fr\/partage-du-patrimoine-familial\/#primaryimage"},"thumbnailUrl":"https:\/\/monasalehinotaire.com\/wp-content\/uploads\/2020\/08\/mona-salehi-notaire.jpg","datePublished":"2016-03-20T14:36:36+00:00","dateModified":"2024-12-30T19:50:46+00:00","description":"Informez-vous sur le partage du patrimoine familial au Qu\u00e9bec, y compris les r\u00e8gles, les droits et les options pour une r\u00e9partition \u00e9quitable.","inLanguage":"fr-CA","potentialAction":[{"@type":"ReadAction","target":["https:\/\/monasalehinotaire.com\/fr\/partage-du-patrimoine-familial\/"]}]},{"@type":"ImageObject","inLanguage":"fr-CA","@id":"https:\/\/monasalehinotaire.com\/fr\/partage-du-patrimoine-familial\/#primaryimage","url":"https:\/\/monasalehinotaire.com\/wp-content\/uploads\/2020\/08\/mona-salehi-notaire.jpg","contentUrl":"https:\/\/monasalehinotaire.com\/wp-content\/uploads\/2020\/08\/mona-salehi-notaire.jpg","width":2048,"height":655,"caption":"Our Services"},{"@type":"WebSite","@id":"https:\/\/monasalehinotaire.com\/#website","url":"https:\/\/monasalehinotaire.com\/","name":"Mtre. Mona Salehi, notary in Montreal","description":"","publisher":{"@id":"https:\/\/monasalehinotaire.com\/#organization"},"potentialAction":[{"@type":"SearchAction","target":{"@type":"EntryPoint","urlTemplate":"https:\/\/monasalehinotaire.com\/?s={search_term_string}"},"query-input":{"@type":"PropertyValueSpecification","valueRequired":true,"valueName":"search_term_string"}}],"inLanguage":"fr-CA"},{"@type":"Organization","@id":"https:\/\/monasalehinotaire.com\/#organization","name":"Mtre. Mona Salehi, notary in Montreal","url":"https:\/\/monasalehinotaire.com\/","logo":{"@type":"ImageObject","inLanguage":"fr-CA","@id":"https:\/\/monasalehinotaire.com\/#\/schema\/logo\/image\/","url":"https:\/\/monasalehinotaire.com\/wp-content\/uploads\/2016\/04\/Mona-logo-new.png","contentUrl":"https:\/\/monasalehinotaire.com\/wp-content\/uploads\/2016\/04\/Mona-logo-new.png","width":603,"height":140,"caption":"Mtre. Mona Salehi, notary in Montreal"},"image":{"@id":"https:\/\/monasalehinotaire.com\/#\/schema\/logo\/image\/"}}]}},"publishpress_future_action":{"enabled":false,"date":"2026-06-05 04:07:29","action":"change-status","newStatus":"draft","terms":[],"taxonomy":"translation_priority","extraData":[]},"publishpress_future_workflow_manual_trigger":{"enabledWorkflows":[]},"_links":{"self":[{"href":"https:\/\/monasalehinotaire.com\/fr\/wp-json\/wp\/v2\/pages\/10320","targetHints":{"allow":["GET"]}}],"collection":[{"href":"https:\/\/monasalehinotaire.com\/fr\/wp-json\/wp\/v2\/pages"}],"about":[{"href":"https:\/\/monasalehinotaire.com\/fr\/wp-json\/wp\/v2\/types\/page"}],"author":[{"embeddable":true,"href":"https:\/\/monasalehinotaire.com\/fr\/wp-json\/wp\/v2\/users\/1"}],"replies":[{"embeddable":true,"href":"https:\/\/monasalehinotaire.com\/fr\/wp-json\/wp\/v2\/comments?post=10320"}],"version-history":[{"count":0,"href":"https:\/\/monasalehinotaire.com\/fr\/wp-json\/wp\/v2\/pages\/10320\/revisions"}],"wp:featuredmedia":[{"embeddable":true,"href":"https:\/\/monasalehinotaire.com\/fr\/wp-json\/wp\/v2\/media\/13700"}],"wp:attachment":[{"href":"https:\/\/monasalehinotaire.com\/fr\/wp-json\/wp\/v2\/media?parent=10320"}],"curies":[{"name":"wp","href":"https:\/\/api.w.org\/{rel}","templated":true}]}}