{"id":10370,"date":"2016-03-21T01:42:49","date_gmt":"2016-03-21T01:42:49","guid":{"rendered":"https:\/\/monasalehi.wpengine.com\/\/?page_id=10370&#038;lang=fr"},"modified":"2020-04-20T12:30:32","modified_gmt":"2020-04-20T16:30:32","slug":"vente-immobiliere","status":"publish","type":"page","link":"https:\/\/monasalehinotaire.com\/fr\/vente-immobiliere\/","title":{"rendered":"Vente immobili\u00e8re"},"content":{"rendered":"<p>[column parallax_bg=&#8221;disabled&#8221; parallax_bg_inertia=&#8221;-0.2&#8243; extended=&#8221;false&#8221; extended_padding=&#8221;true&#8221; background_color=&#8221;#fbe1e1&#8243; background_image=&#8221;&#8221; background_repeat=&#8221;&#8221; background_position=&#8221;&#8221; background_size=&#8221;auto&#8221; background_attachment=&#8221;&#8221; hide_bg_lowres=&#8221;false&#8221; background_video=&#8221;&#8221; vertical_padding_top=&#8221;0&#8243; vertical_padding_bottom=&#8221;0&#8243; more_link=&#8221;&#8221; more_text=&#8221;&#8221; left_border=&#8221;transparent&#8221; class=&#8221;&#8221; id=&#8221;&#8221; title=&#8221;&#8221; title_type=&#8221;single&#8221; animation=&#8221;none&#8221; width=&#8221;1\/1&#8243; last=&#8221;true&#8221;]<\/p>\n<p>[column_1 width=&#8221;1\/1&#8243; last=&#8221;true&#8221; title=&#8221;&#8221; title_type=&#8221;single&#8221; animation=&#8221;none&#8221; implicit=&#8221;true&#8221;]<\/p>\n<h1 style=\"text-align: center;\"><span class=\"vamtam-font-style-1 with-color\"> Veuillez prendre note que nous ne prenons plus de nouveaux dossiers immobiliers pour le moment.<\/span><\/h1>\n<p>[\/column_1]<\/p>\n<p>[\/column]<\/p>\n<p>[column width=&#8221;1\/1&#8243; last=&#8221;true&#8221; title=&#8221;&#8221; title_type=&#8221;single&#8221; animation=&#8221;none&#8221; implicit=&#8221;true&#8221;]<\/p>\n<p style=\"text-align: center;\"><span class=\"vamtam-font-style-1 with-color\"> Vous recherchez un notaire \u00e0 Montr\u00e9al pour une vente immobili\u00e8re?<\/span><\/p>\n<p style=\"text-align: center;\"><span class=\"vamtam-font-style-2 with-color\"> Vous pr\u00e9voyez acheter un condo ou une maison? Vous venez de signer une offre d\u2019achat et \u00eates \u00e0 la recherche d\u2019un notaire \u00e0 Montr\u00e9al? Contactez Me Mona Salehi au 514-903-8560<\/span><\/p>\n<p>[\/column]<\/p>\n<p>[divider type=&#8221;1&#8243;]<\/p>\n<p>[\/divider]<\/p>\n<p>[column parallax_bg=&#8221;disabled&#8221; parallax_bg_inertia=&#8221;-0.2&#8243; extended=&#8221;&#8221; extended_padding=&#8221;1&#8243; background_color=&#8221;&#8221; background_image=&#8221;&#8221; background_repeat=&#8221;&#8221; background_position=&#8221;&#8221; background_size=&#8221;auto&#8221; background_attachment=&#8221;&#8221; hide_bg_lowres=&#8221;&#8221; background_video=&#8221;&#8221; vertical_padding_top=&#8221;0&#8243; vertical_padding_bottom=&#8221;0&#8243; more_link=&#8221;&#8221; more_text=&#8221;&#8221; left_border=&#8221;transparent&#8221; class=&#8221;&#8221; id=&#8221;&#8221; title=&#8221;&#8221; title_type=&#8221;single&#8221; animation=&#8221;none&#8221; width=&#8221;1\/2&#8243;]<\/p>\n<p>[column_1 width=&#8221;1\/1&#8243; last=&#8221;true&#8221; title=&#8221;&#8221; title_type=&#8221;single&#8221; animation=&#8221;none&#8221; implicit=&#8221;true&#8221;]<\/p>\n<p style=\"text-align: left;\"><span class=\"vamtam-font-style-1 with-color\"> Pourquoi doit-on passer devant le notaire pour acheter un condo ou une maison<\/span><\/p>\n<p>[\/column_1]<\/p>\n<p>[column_1 width=&#8221;1\/1&#8243; last=&#8221;true&#8221; title=&#8221;&#8221; title_type=&#8221;single&#8221; animation=&#8221;none&#8221; implicit=&#8221;true&#8221;]<\/p>\n<p>Au Qu\u00e9bec, il est obligatoire de passer par un notaire pour acheter une maison ou un condo en y consentant une hypoth\u00e8que immobili\u00e8re au pr\u00eateur.<\/p>\n<p>Le notaire r\u00e9visera l\u2019offre d\u2019achat pour s\u2019assurer qu\u2019elle est conforme aux volont\u00e9s des parties. Gr\u00e2ce \u00e0 l\u2019analyse de la cha\u00eene des titres de propri\u00e9t\u00e9, le travail du notaire vous \u00e9vitera d\u2019\u00eatre responsable de la dette hypoth\u00e9caire de votre vendeur, ou des vendeurs ant\u00e9rieurs, ou que le vendeur ne vende un bien qui ne lui appartient pas. De part sa gestion des sommes d\u2019argent gr\u00e2ce \u00e0 son compte en fid\u00e9icommis, le notaire prot\u00e8ge les sommes d\u2019argent des intervenants (acheteurs, pr\u00eateurs). Entre autres t\u00e2ches, il s\u2019assure de la validit\u00e9 des diff\u00e9rents documents n\u00e9cessaires comme le certificat de localisation, il v\u00e9rifie le paiement des taxes municipales et scolaires, et il communique avec le syndicat de copropri\u00e9t\u00e9 pour obtenir les renseignements utiles dans le cas d\u2019un condo. Finalement, le notaire inscrit l\u2019acte de vente au Bureau de la publicit\u00e9 des droits, d\u00e8s la signature de la vente, pour garantir les droits de l\u2019acheteur et du pr\u00eateur.<\/p>\n<p>[\/column_1]<\/p>\n<p>[column_1 width=&#8221;1\/1&#8243; last=&#8221;true&#8221; title=&#8221;&#8221; title_type=&#8221;single&#8221; animation=&#8221;none&#8221; implicit=&#8221;true&#8221;]<\/p>\n<p style=\"text-align: left;\"><span class=\"vamtam-font-style-1 with-color\"> Qui doit choisir le notaire<\/span><\/p>\n<p>[\/column_1]<\/p>\n<p>[column_1 width=&#8221;1\/1&#8243; last=&#8221;true&#8221; title=&#8221;&#8221; title_type=&#8221;single&#8221; animation=&#8221;none&#8221; implicit=&#8221;true&#8221;]<\/p>\n<p>L\u2019usage veut que ce soit l\u2019acheteur qui ait le choix du notaire qui instrumentera la transaction immobili\u00e8re. Dans le cas d\u2019un projet de condos neufs cependant, le notaire est choisi par le promoteur du projet immobilier, via le contrat pr\u00e9liminaire, pour des raisons d\u2019efficacit\u00e9 et de facilit\u00e9 pour le promoteur.<\/p>\n<p>Le vendeur ou l\u2019acheteur d\u2019un condo neuf peut, \u00e0 ses propres frais et s\u2019il le d\u00e9sire, demander \u00e0 son notaire ou au notaire de son choix de v\u00e9rifier l\u2019acte de vente pr\u00e9par\u00e9 par le notaire choisit.<\/p>\n<p>[\/column_1]<\/p>\n<p>[\/column]<\/p>\n<p>[column parallax_bg=&#8221;disabled&#8221; parallax_bg_inertia=&#8221;-0.2&#8243; extended=&#8221;&#8221; extended_padding=&#8221;1&#8243; background_color=&#8221;&#8221; background_image=&#8221;&#8221; background_repeat=&#8221;&#8221; background_position=&#8221;&#8221; background_size=&#8221;auto&#8221; background_attachment=&#8221;&#8221; hide_bg_lowres=&#8221;&#8221; background_video=&#8221;&#8221; vertical_padding_top=&#8221;0&#8243; vertical_padding_bottom=&#8221;0&#8243; more_link=&#8221;&#8221; more_text=&#8221;&#8221; left_border=&#8221;transparent&#8221; class=&#8221;&#8221; id=&#8221;&#8221; title=&#8221;&#8221; title_type=&#8221;single&#8221; animation=&#8221;none&#8221; width=&#8221;1\/2&#8243; last=&#8221;true&#8221;]<\/p>\n<p>[column_1 width=&#8221;1\/1&#8243; last=&#8221;true&#8221; title=&#8221;&#8221; title_type=&#8221;single&#8221; animation=&#8221;none&#8221; implicit=&#8221;true&#8221;]<\/p>\n<p style=\"text-align: center;\"><span class=\"vamtam-font-style-1 with-color\"> Contactez-nous<\/span><\/p>\n<p>[\/column_1]<\/p>\n<p>[divider type=&#8221;1&#8243;]<\/p>\n<p>[\/divider]<\/p>\n<p>[column_1 width=&#8221;1\/1&#8243; last=&#8221;true&#8221; title=&#8221;&#8221; title_type=&#8221;single&#8221; animation=&#8221;none&#8221; implicit=&#8221;true&#8221;]<\/p>\n\n<div class=\"wpcf7 no-js\" id=\"wpcf7-f10559-o1\" lang=\"en-CA\" dir=\"ltr\" data-wpcf7-id=\"10559\">\n<div class=\"screen-reader-response\"><p role=\"status\" aria-live=\"polite\" aria-atomic=\"true\"><\/p> <ul><\/ul><\/div>\n<form action=\"\/fr\/wp-json\/wp\/v2\/pages\/10370#wpcf7-f10559-o1\" method=\"post\" class=\"wpcf7-form init\" aria-label=\"Contact form\" novalidate=\"novalidate\" data-status=\"init\">\n<fieldset class=\"hidden-fields-container\"><input type=\"hidden\" name=\"_wpcf7\" value=\"10559\" \/><input type=\"hidden\" name=\"_wpcf7_version\" value=\"6.1.3\" \/><input type=\"hidden\" name=\"_wpcf7_locale\" value=\"en_CA\" \/><input type=\"hidden\" name=\"_wpcf7_unit_tag\" value=\"wpcf7-f10559-o1\" \/><input type=\"hidden\" name=\"_wpcf7_container_post\" value=\"0\" \/><input type=\"hidden\" name=\"_wpcf7_posted_data_hash\" value=\"\" \/><input type=\"hidden\" name=\"_wpcf7_recaptcha_response\" value=\"\" \/>\n<\/fieldset>\n<div class=\"row\">\n\t<div class=\"grid-1-3\">\n\t\t<p><span class=\"wpcf7-form-control-wrap\" data-name=\"Name\"><input size=\"40\" maxlength=\"400\" class=\"wpcf7-form-control wpcf7-text wpcf7-validates-as-required\" aria-required=\"true\" aria-invalid=\"false\" placeholder=\"Nom\" value=\"\" type=\"text\" name=\"Name\" \/><\/span>\n\t\t<\/p>\n\t<\/div>\n\t<div class=\"grid-1-3\">\n\t\t<p><span class=\"wpcf7-form-control-wrap\" data-name=\"E-mail\"><input size=\"40\" maxlength=\"400\" class=\"wpcf7-form-control wpcf7-text wpcf7-validates-as-required\" aria-required=\"true\" aria-invalid=\"false\" placeholder=\"E-mail\" value=\"\" type=\"text\" name=\"E-mail\" \/><\/span>\n\t\t<\/p>\n\t<\/div>\n\t<div class=\"grid-1-3\">\n\t\t<p><span class=\"wpcf7-form-control-wrap\" data-name=\"Phone\"><input size=\"40\" maxlength=\"400\" class=\"wpcf7-form-control wpcf7-text\" aria-invalid=\"false\" placeholder=\"T\u00e9l\u00e9phone\" value=\"\" type=\"text\" name=\"Phone\" \/><\/span>\n\t\t<\/p>\n\t<\/div>\n\t<div class=\"grid-1-1\">\n\t\t<p><span class=\"wpcf7-form-control-wrap\" data-name=\"Subject\"><input size=\"40\" maxlength=\"400\" class=\"wpcf7-form-control wpcf7-text wpcf7-validates-as-required\" aria-required=\"true\" aria-invalid=\"false\" placeholder=\"Sujet\" value=\"\" type=\"text\" name=\"Subject\" \/><\/span>\n\t\t<\/p>\n\t<\/div>\n\t<div class=\"grid-1-1\">\n\t\t<p><span class=\"wpcf7-form-control-wrap\" data-name=\"Message\"><textarea cols=\"40\" rows=\"6\" maxlength=\"2000\" class=\"wpcf7-form-control wpcf7-textarea wpcf7-validates-as-required\" aria-required=\"true\" aria-invalid=\"false\" placeholder=\"Votre message\u2026\" name=\"Message\"><\/textarea><\/span>\n\t\t<\/p>\n\t<\/div>\n\t<div style= \"text-align: center;\">\n\t\t<p><input class=\"wpcf7-form-control wpcf7-submit has-spinner\" type=\"submit\" value=\"Envoyez \u2192\" \/>\n\t\t<\/p>\n\t<\/div>\n<\/div><div class=\"fusion-alert alert custom alert-custom fusion-alert-center wpcf7-response-output awb-alert-native-link-color alert-dismissable awb-alert-close-boxed\" style=\"--awb-border-size:1px;--awb-border-top-left-radius:0px;--awb-border-top-right-radius:0px;--awb-border-bottom-left-radius:0px;--awb-border-bottom-right-radius:0px;\" role=\"alert\"><div class=\"fusion-alert-content-wrapper\"><span class=\"fusion-alert-content\"><\/span><\/div><button type=\"button\" class=\"close toggle-alert\" data-dismiss=\"alert\" aria-label=\"Close\">&times;<\/button><\/div>\n<\/form>\n<\/div>\n\n<p>[\/column_1]<\/p>\n<p>[\/column]<\/p>\n<p>[blank h=&#8221;30&#8243;]<\/p>\n<p>[\/blank]<\/p>\n<p>[column width=&#8221;1\/1&#8243; last=&#8221;true&#8221; title=&#8221;&#8221; title_type=&#8221;single&#8221; animation=&#8221;none&#8221; implicit=&#8221;true&#8221;]<\/p>\n<p style=\"text-align: left;\"><span class=\"vamtam-font-style-1 with-color\"> Qui paie le notaire<\/span><\/p>\n<p>[\/column]<\/p>\n<p>[column width=&#8221;1\/1&#8243; last=&#8221;true&#8221; title=&#8221;&#8221; title_type=&#8221;single&#8221; animation=&#8221;none&#8221; implicit=&#8221;true&#8221;]<\/p>\n<p>L\u2019acheteur du condo ou de la maison paie les honoraires du notaire et les frais l\u00e9gaux li\u00e9s \u00e0 l\u2019examen des titres de propri\u00e9t\u00e9, \u00e0 la pr\u00e9paration et l\u2019inscription au registre foncier de l\u2019acte d\u2019hypoth\u00e8que et de l\u2019acte de vente.<\/p>\n<p>Le vendeur de son c\u00f4t\u00e9 paie les honoraires du notaire et les frais l\u00e9gaux li\u00e9s \u00e0 la radiation de son hypoth\u00e8que (quittance) ainsi que les services rendus \u00e0 lui \u00e0 l\u2019occasion de la transaction. La radiation de l\u2019hypoth\u00e8que (quittance) permet au vendeur de vendre une maison ou un condo libre de toutes charges et hypoth\u00e8ques, comme l\u2019exige le Code civil du Qu\u00e9bec. Notez que m\u00eame si votre banque ou votre institution financi\u00e8re vous remet un lettre ou un re\u00e7u qui indique que votre pr\u00eat a \u00e9t\u00e9 rembours\u00e9 en int\u00e9gralit\u00e9, vous devrez tout de m\u00eame obtenir une quittance de votre pr\u00eat hypoth\u00e9caire et l\u2019inscrire au bureau de la publicit\u00e9 des droits.<\/p>\n<p>[\/column]<\/p>\n<p>[divider type=&#8221;1&#8243;]<\/p>\n<p>[\/divider]<\/p>\n<p>[blank h=&#8221;30&#8243;]<\/p>\n<p>[\/blank]<\/p>\n<p>[column width=&#8221;1\/1&#8243; last=&#8221;true&#8221; title=&#8221;&#8221; title_type=&#8221;single&#8221; animation=&#8221;none&#8221; implicit=&#8221;true&#8221;]<\/p>\n<p style=\"text-align: left;\"><span class=\"vamtam-font-style-1 with-color\"> Le \u201cprix\u201d d\u2019un notaire pour une transaction immobili\u00e8re<\/span><\/p>\n<p>[\/column]<\/p>\n<p>[column width=&#8221;1\/1&#8243; last=&#8221;true&#8221; title=&#8221;&#8221; title_type=&#8221;single&#8221; animation=&#8221;none&#8221; implicit=&#8221;true&#8221;]<\/p>\n<p>Il est important de savoir diff\u00e9rencier les frais de transaction ou frais l\u00e9gaux, et les honoraires du notaire.<\/p>\n<p>[\/column]<\/p>\n<p>[blank h=&#8221;30&#8243;]<\/p>\n<p>[\/blank]<\/p>\n<p>[column width=&#8221;1\/1&#8243; last=&#8221;true&#8221; title=&#8221;&#8221; title_type=&#8221;single&#8221; animation=&#8221;none&#8221; implicit=&#8221;true&#8221;]<\/p>\n<p style=\"text-align: left;\"><span class=\"vamtam-font-style-1 with-color\"> Les d\u00e9bours\u00e9s ou frais l\u00e9gaux<\/span><\/p>\n<p>[\/column]<\/p>\n<p>[column width=&#8221;1\/1&#8243; last=&#8221;true&#8221; title=&#8221;&#8221; title_type=&#8221;single&#8221; animation=&#8221;none&#8221; implicit=&#8221;true&#8221;]<\/p>\n<p>Les d\u00e9bours\u00e9s ou frais l\u00e9gaux sont des frais avanc\u00e9s par le notaire aux organismes publics ou parapublics tels que le registre foncier, la municipalit\u00e9 et la commission scolaire. Les frais l\u00e9gaux permettent entre autres d\u2019acc\u00e9der aux anciens titres, d\u2019inscrire au registre foncier les actes d\u2019hypoth\u00e8que et de vente, et de v\u00e9rifier les taxes fonci\u00e8res. Ainsi, ils comprennent, entre autres, les frais de consultation et de copies des index aux immeubles, les frais de consultation des actes au registre foncier, les frais de gestion de la comptabilit\u00e9 en fid\u00e9icommis du notaire, etc.<br \/>\nLe total des frais des d\u00e9bours\u00e9s (sans les honoraires du notaire) peut varier d\u2019un dossier \u00e0 l\u2019autre, mais on peut raisonnablement pr\u00e9voir en moyenne de 350 $ \u00e0 450 $ par dossier.<\/p>\n<p>[\/column]<\/p>\n<p>[blank h=&#8221;30&#8243;]<\/p>\n<p>[\/blank]<\/p>\n<p>[column width=&#8221;1\/1&#8243; last=&#8221;true&#8221; title=&#8221;&#8221; title_type=&#8221;single&#8221; animation=&#8221;none&#8221; implicit=&#8221;true&#8221;]<\/p>\n<p style=\"text-align: left;\"><span class=\"vamtam-font-style-1 with-color\"> Les honoraires du notaire<\/span><\/p>\n<p>[\/column]<\/p>\n<p>[column width=&#8221;1\/1&#8243; last=&#8221;true&#8221; title=&#8221;&#8221; title_type=&#8221;single&#8221; animation=&#8221;none&#8221; implicit=&#8221;true&#8221;]<\/p>\n<p>Les honoraires du notaire varie \u00e9videmment d\u2019un notaire \u00e0 l\u2019autre en fonction de son exp\u00e9rience et de son expertise, des sp\u00e9cificit\u00e9s de la transaction et des frais d\u2019exploitation fixes du notaire (local commercial, salaire des employ\u00e9s, standing, etc.), cela peut se situer en moyenne entre 700 $ et 1500 $.<\/p>\n<p>[\/column]<\/p>\n<p>[blank h=&#8221;30&#8243;]<\/p>\n<p>[\/blank]<\/p>\n<p>[column width=&#8221;1\/1&#8243; last=&#8221;true&#8221; title=&#8221;&#8221; title_type=&#8221;single&#8221; animation=&#8221;none&#8221; implicit=&#8221;true&#8221;]<\/p>\n<p style=\"text-align: left;\"><span class=\"vamtam-font-style-1 with-color\"> Faire une transaction immobili\u00e8re avec Me Mona Salehi<\/span><\/p>\n<p>[\/column]<\/p>\n<p>[column width=&#8221;1\/1&#8243; last=&#8221;true&#8221; title=&#8221;&#8221; title_type=&#8221;single&#8221; animation=&#8221;none&#8221; implicit=&#8221;true&#8221;]<\/p>\n<p>Pour un transaction immobili\u00e8re avec Me Mona Salehi, comptez plus ou moins 1\u00a0430 $ *(les honoraires de 930$ plus les taxes et les d\u00e9bours\u00e9s).<br \/>\n* le tarif est indicatif et n\u2019inclut pas des dossiers ayant des sp\u00e9cificit\u00e9s et des natures particuli\u00e8res.<br \/>\nVous avez des questions concernant votre transaction immobili\u00e8re? N\u2019h\u00e9sitez pas \u00e0 contacter Me Mona Salehi, notaire \u00e0 Montr\u00e9al.<\/p>\n<p>[\/column]<\/p>\n","protected":false},"excerpt":{"rendered":"<p>[column parallax_bg=&#8221;disabled&#8221; parallax_bg_inertia=&#8221;-0.2&#8243; extended=&#8221;false&#8221; extended_padding=&#8221;true&#8221; background_color=&#8221;#fbe1e1&#8243; background_image=&#8221;&#8221; background_repeat=&#8221;&#8221; background_position=&#8221;&#8221; background_size=&#8221;auto&#8221;  [&#8230;]<\/p>\n","protected":false},"author":1,"featured_media":0,"parent":0,"menu_order":0,"comment_status":"closed","ping_status":"closed","template":"","meta":{"footnotes":""},"class_list":["post-10370","page","type-page","status-publish","hentry"],"yoast_head":"<!-- This site is optimized with the Yoast SEO plugin v26.2 - https:\/\/yoast.com\/wordpress\/plugins\/seo\/ -->\n<title>Vente immobili\u00e8re \u00e0 Montr\u00e9al - Mona Salehi Notaire<\/title>\n<meta name=\"description\" content=\"Vous recherchez un notaire \u00e0 Montr\u00e9al pour une vente immobili\u00e8re?\" \/>\n<meta name=\"robots\" content=\"noindex, follow\" \/>\n<meta name=\"twitter:label1\" content=\"Est. reading time\" \/>\n\t<meta name=\"twitter:data1\" content=\"6 minutes\" \/>\n<script type=\"application\/ld+json\" class=\"yoast-schema-graph\">{\"@context\":\"https:\/\/schema.org\",\"@graph\":[{\"@type\":\"WebPage\",\"@id\":\"https:\/\/monasalehinotaire.com\/fr\/vente-immobiliere\/\",\"url\":\"https:\/\/monasalehinotaire.com\/fr\/vente-immobiliere\/\",\"name\":\"Vente immobili\u00e8re \u00e0 Montr\u00e9al - Mona Salehi Notaire\",\"isPartOf\":{\"@id\":\"https:\/\/monasalehinotaire.com\/#website\"},\"datePublished\":\"2016-03-21T01:42:49+00:00\",\"dateModified\":\"2020-04-20T16:30:32+00:00\",\"description\":\"Vous recherchez un notaire \u00e0 Montr\u00e9al pour une vente immobili\u00e8re?\",\"inLanguage\":\"fr-CA\",\"potentialAction\":[{\"@type\":\"ReadAction\",\"target\":[\"https:\/\/monasalehinotaire.com\/fr\/vente-immobiliere\/\"]}]},{\"@type\":\"WebSite\",\"@id\":\"https:\/\/monasalehinotaire.com\/#website\",\"url\":\"https:\/\/monasalehinotaire.com\/\",\"name\":\"Mtre. Mona Salehi, notary in Montreal\",\"description\":\"\",\"publisher\":{\"@id\":\"https:\/\/monasalehinotaire.com\/#organization\"},\"potentialAction\":[{\"@type\":\"SearchAction\",\"target\":{\"@type\":\"EntryPoint\",\"urlTemplate\":\"https:\/\/monasalehinotaire.com\/?s={search_term_string}\"},\"query-input\":{\"@type\":\"PropertyValueSpecification\",\"valueRequired\":true,\"valueName\":\"search_term_string\"}}],\"inLanguage\":\"fr-CA\"},{\"@type\":\"Organization\",\"@id\":\"https:\/\/monasalehinotaire.com\/#organization\",\"name\":\"Mtre. Mona Salehi, notary in Montreal\",\"url\":\"https:\/\/monasalehinotaire.com\/\",\"logo\":{\"@type\":\"ImageObject\",\"inLanguage\":\"fr-CA\",\"@id\":\"https:\/\/monasalehinotaire.com\/#\/schema\/logo\/image\/\",\"url\":\"https:\/\/monasalehinotaire.com\/wp-content\/uploads\/2016\/04\/Mona-logo-new.png\",\"contentUrl\":\"https:\/\/monasalehinotaire.com\/wp-content\/uploads\/2016\/04\/Mona-logo-new.png\",\"width\":603,\"height\":140,\"caption\":\"Mtre. Mona Salehi, notary in Montreal\"},\"image\":{\"@id\":\"https:\/\/monasalehinotaire.com\/#\/schema\/logo\/image\/\"}}]}<\/script>\n<!-- \/ Yoast SEO plugin. -->","yoast_head_json":{"title":"Vente immobili\u00e8re \u00e0 Montr\u00e9al - Mona Salehi Notaire","description":"Vous recherchez un notaire \u00e0 Montr\u00e9al pour une vente immobili\u00e8re?","robots":{"index":"noindex","follow":"follow"},"twitter_misc":{"Est. reading time":"6 minutes"},"schema":{"@context":"https:\/\/schema.org","@graph":[{"@type":"WebPage","@id":"https:\/\/monasalehinotaire.com\/fr\/vente-immobiliere\/","url":"https:\/\/monasalehinotaire.com\/fr\/vente-immobiliere\/","name":"Vente immobili\u00e8re \u00e0 Montr\u00e9al - Mona Salehi Notaire","isPartOf":{"@id":"https:\/\/monasalehinotaire.com\/#website"},"datePublished":"2016-03-21T01:42:49+00:00","dateModified":"2020-04-20T16:30:32+00:00","description":"Vous recherchez un notaire \u00e0 Montr\u00e9al pour une vente immobili\u00e8re?","inLanguage":"fr-CA","potentialAction":[{"@type":"ReadAction","target":["https:\/\/monasalehinotaire.com\/fr\/vente-immobiliere\/"]}]},{"@type":"WebSite","@id":"https:\/\/monasalehinotaire.com\/#website","url":"https:\/\/monasalehinotaire.com\/","name":"Mtre. Mona Salehi, notary in Montreal","description":"","publisher":{"@id":"https:\/\/monasalehinotaire.com\/#organization"},"potentialAction":[{"@type":"SearchAction","target":{"@type":"EntryPoint","urlTemplate":"https:\/\/monasalehinotaire.com\/?s={search_term_string}"},"query-input":{"@type":"PropertyValueSpecification","valueRequired":true,"valueName":"search_term_string"}}],"inLanguage":"fr-CA"},{"@type":"Organization","@id":"https:\/\/monasalehinotaire.com\/#organization","name":"Mtre. Mona Salehi, notary in Montreal","url":"https:\/\/monasalehinotaire.com\/","logo":{"@type":"ImageObject","inLanguage":"fr-CA","@id":"https:\/\/monasalehinotaire.com\/#\/schema\/logo\/image\/","url":"https:\/\/monasalehinotaire.com\/wp-content\/uploads\/2016\/04\/Mona-logo-new.png","contentUrl":"https:\/\/monasalehinotaire.com\/wp-content\/uploads\/2016\/04\/Mona-logo-new.png","width":603,"height":140,"caption":"Mtre. Mona Salehi, notary in Montreal"},"image":{"@id":"https:\/\/monasalehinotaire.com\/#\/schema\/logo\/image\/"}}]}},"publishpress_future_action":{"enabled":false,"date":"2026-05-04 15:54:12","action":"change-status","newStatus":"draft","terms":[],"taxonomy":"translation_priority","extraData":[]},"publishpress_future_workflow_manual_trigger":{"enabledWorkflows":[]},"_links":{"self":[{"href":"https:\/\/monasalehinotaire.com\/fr\/wp-json\/wp\/v2\/pages\/10370","targetHints":{"allow":["GET"]}}],"collection":[{"href":"https:\/\/monasalehinotaire.com\/fr\/wp-json\/wp\/v2\/pages"}],"about":[{"href":"https:\/\/monasalehinotaire.com\/fr\/wp-json\/wp\/v2\/types\/page"}],"author":[{"embeddable":true,"href":"https:\/\/monasalehinotaire.com\/fr\/wp-json\/wp\/v2\/users\/1"}],"replies":[{"embeddable":true,"href":"https:\/\/monasalehinotaire.com\/fr\/wp-json\/wp\/v2\/comments?post=10370"}],"version-history":[{"count":0,"href":"https:\/\/monasalehinotaire.com\/fr\/wp-json\/wp\/v2\/pages\/10370\/revisions"}],"wp:attachment":[{"href":"https:\/\/monasalehinotaire.com\/fr\/wp-json\/wp\/v2\/media?parent=10370"}],"curies":[{"name":"wp","href":"https:\/\/api.w.org\/{rel}","templated":true}]}}