{"id":10446,"date":"2016-03-21T19:08:55","date_gmt":"2016-03-21T19:08:55","guid":{"rendered":"https:\/\/monasalehi.wpengine.com\/\/?page_id=10446&#038;lang=fr"},"modified":"2026-02-12T14:41:55","modified_gmt":"2026-02-12T18:41:55","slug":"mandat-en-prevision-de-linaptitude","status":"publish","type":"page","link":"https:\/\/monasalehinotaire.com\/fr\/mandat-en-prevision-de-linaptitude\/","title":{"rendered":"Mandat en pr\u00e9vision de l&#8217;inaptitude"},"content":{"rendered":"<p><div class=\"fusion-fullwidth fullwidth-box fusion-builder-row-1 fusion-flex-container hundred-percent-fullwidth non-hundred-percent-height-scrolling\" style=\"--awb-border-radius-top-left:0px;--awb-border-radius-top-right:0px;--awb-border-radius-bottom-right:0px;--awb-border-radius-bottom-left:0px;--awb-padding-top:30px;--awb-padding-right:10vw;--awb-padding-bottom:20px;--awb-padding-left:10vw;--awb-flex-wrap:wrap;\" ><div class=\"fusion-builder-row fusion-row fusion-flex-align-items-flex-start fusion-flex-justify-content-center fusion-flex-content-wrap\" style=\"width:105% !important;max-width:105% !important;margin-left: calc(-5% \/ 2 );margin-right: calc(-5% \/ 2 );\"><div class=\"fusion-layout-column fusion_builder_column fusion-builder-column-0 fusion_builder_column_3_4 3_4 fusion-flex-column\" style=\"--awb-bg-size:cover;--awb-width-large:75%;--awb-margin-top-large:0px;--awb-spacing-right-large:3.16666666667%;--awb-margin-bottom-large:20px;--awb-spacing-left-large:3.16666666667%;--awb-width-medium:75%;--awb-order-medium:0;--awb-spacing-right-medium:3.16666666667%;--awb-spacing-left-medium:3.16666666667%;--awb-width-small:100%;--awb-order-small:0;--awb-spacing-right-small:2.375%;--awb-spacing-left-small:2.375%;\"><div class=\"fusion-column-wrapper fusion-column-has-shadow fusion-flex-justify-content-flex-start fusion-content-layout-column\"><div class=\"fusion-text fusion-text-1\" style=\"--awb-content-alignment:center;--awb-font-size:16px;\"><h2 style=\"font-size: 30px; margin-bottom: 10px;\">Vous recherchez un notaire \u00e0 Montr\u00e9al pour la r\u00e9daction de votre mandat en pr\u00e9vision de l\u2019inaptitude?\u201d<\/h2>\n<h2 style=\"font-size: 30px; margin-bottom: 15px;\">Contactez sans plus tarder Me Mona Salehi au <a href=\"tel:+15149038560\">514 903-8560<\/a>.<\/h2>\n<\/div><\/div><\/div><\/div><\/div><div class=\"fusion-fullwidth fullwidth-box fusion-builder-row-2 fusion-flex-container hundred-percent-fullwidth non-hundred-percent-height-scrolling\" style=\"--awb-border-color:var(--awb-color4);--awb-border-radius-top-left:0px;--awb-border-radius-top-right:0px;--awb-border-radius-bottom-right:0px;--awb-border-radius-bottom-left:0px;--awb-padding-top:0px;--awb-padding-right:10vw;--awb-padding-bottom:0px;--awb-padding-left:10vw;--awb-padding-right-small:0px;--awb-padding-left-small:0px;--awb-margin-bottom:50px;--awb-margin-bottom-small:-30px;--awb-background-color:var(--awb-color1);--awb-flex-wrap:wrap;\" ><div class=\"fusion-builder-row fusion-row fusion-flex-align-items-stretch fusion-flex-content-wrap\" style=\"width:calc( 100% + 0px ) !important;max-width:calc( 100% + 0px ) !important;margin-left: calc(-0px \/ 2 );margin-right: calc(-0px \/ 2 );\"><div class=\"fusion-layout-column fusion_builder_column fusion-builder-column-1 fusion_builder_column_1_2 1_2 fusion-flex-column fusion-flex-align-self-stretch\" style=\"--awb-padding-top:50px;--awb-padding-right:3vw;--awb-padding-bottom:50px;--awb-padding-left:3vw;--awb-padding-top-medium:0px;--awb-padding-right-medium:30px;--awb-padding-bottom-medium:0px;--awb-padding-left-medium:30px;--awb-padding-right-small:30px;--awb-padding-left-small:30px;--awb-overflow:hidden;--awb-bg-color:rgba(35,24,0,0.46);--awb-bg-color-hover:rgba(35,24,0,0.46);--awb-bg-position:center center;--awb-bg-blend:overlay;--awb-bg-size:cover;--awb-border-radius:8px 0px 0px 8px;--awb-width-large:50%;--awb-margin-top-large:0px;--awb-spacing-right-large:0px;--awb-margin-bottom-large:0px;--awb-spacing-left-large:0px;--awb-width-medium:50%;--awb-order-medium:0;--awb-spacing-right-medium:0px;--awb-spacing-left-medium:0px;--awb-width-small:100%;--awb-order-small:0;--awb-spacing-right-small:0px;--awb-spacing-left-small:0px;\" id=\"slider-form\"><div class=\"fusion-column-wrapper lazyload fusion-column-has-shadow fusion-flex-justify-content-center fusion-content-layout-column fusion-column-has-bg-image\" data-bg-url=\"https:\/\/monasalehinotaire.com\/wp-content\/uploads\/2016\/07\/modifier-testament-notaire-montreal.png\" data-bg=\"https:\/\/monasalehinotaire.com\/wp-content\/uploads\/2016\/07\/modifier-testament-notaire-montreal.png\"><div class=\"fusion-title title fusion-title-1 fusion-sep-none fusion-title-center fusion-title-text fusion-title-size-two\" style=\"--awb-text-color:var(--awb-color1);--awb-margin-top-small:10px;--awb-margin-right-small:0px;--awb-margin-bottom-small:10px;--awb-margin-left-small:0px;\"><h2 class=\"fusion-title-heading title-heading-center\" style=\"margin:0;\">Nous contacter<\/h2><\/div>\n<div class=\"wpcf7 no-js\" id=\"wpcf7-f10561-o1\" lang=\"en-CA\" dir=\"ltr\" data-wpcf7-id=\"10561\">\n<div class=\"screen-reader-response\"><p role=\"status\" aria-live=\"polite\" aria-atomic=\"true\"><\/p> <ul><\/ul><\/div>\n<form action=\"\/fr\/wp-json\/wp\/v2\/pages\/10446#wpcf7-f10561-o1\" method=\"post\" class=\"wpcf7-form init\" aria-label=\"Contact form\" novalidate=\"novalidate\" data-status=\"init\">\n<fieldset class=\"hidden-fields-container\"><input type=\"hidden\" name=\"_wpcf7\" value=\"10561\" \/><input type=\"hidden\" name=\"_wpcf7_version\" value=\"6.1.3\" \/><input type=\"hidden\" name=\"_wpcf7_locale\" value=\"en_CA\" \/><input type=\"hidden\" name=\"_wpcf7_unit_tag\" value=\"wpcf7-f10561-o1\" \/><input type=\"hidden\" name=\"_wpcf7_container_post\" value=\"0\" \/><input type=\"hidden\" name=\"_wpcf7_posted_data_hash\" value=\"\" \/><input type=\"hidden\" name=\"_wpcf7_recaptcha_response\" value=\"\" \/>\n<\/fieldset>\n<div class=\"row\">\n\t<div class=\"grid-1-3\">\n\t\t<p><span class=\"wpcf7-form-control-wrap\" data-name=\"Name\"><input size=\"40\" maxlength=\"400\" class=\"wpcf7-form-control wpcf7-text wpcf7-validates-as-required\" aria-required=\"true\" aria-invalid=\"false\" placeholder=\"Nom\" value=\"\" type=\"text\" name=\"Name\" \/><\/span>\n\t\t<\/p>\n\t<\/div>\n\t<div class=\"grid-1-3\">\n\t\t<p><span class=\"wpcf7-form-control-wrap\" data-name=\"E-mail\"><input size=\"40\" maxlength=\"400\" class=\"wpcf7-form-control wpcf7-text wpcf7-validates-as-required\" aria-required=\"true\" aria-invalid=\"false\" placeholder=\"E-mail\" value=\"\" type=\"text\" name=\"E-mail\" \/><\/span>\n\t\t<\/p>\n\t<\/div>\n\t<div class=\"grid-1-3\">\n\t\t<p><span class=\"wpcf7-form-control-wrap\" data-name=\"Phone\"><input size=\"40\" maxlength=\"400\" class=\"wpcf7-form-control wpcf7-text\" aria-invalid=\"false\" placeholder=\"T\u00e9l\u00e9phone\" value=\"\" type=\"text\" name=\"Phone\" \/><\/span>\n\t\t<\/p>\n\t<\/div>\n\t<div class=\"grid-1-1\">\n\t\t<p><span class=\"wpcf7-form-control-wrap\" data-name=\"Subject\"><input size=\"40\" maxlength=\"400\" class=\"wpcf7-form-control wpcf7-text wpcf7-validates-as-required\" aria-required=\"true\" aria-invalid=\"false\" placeholder=\"Sujet\" value=\"\" type=\"text\" name=\"Subject\" \/><\/span>\n\t\t<\/p>\n\t<\/div>\n\t<div class=\"grid-1-1\">\n\t\t<p><span class=\"wpcf7-form-control-wrap\" data-name=\"Message\"><textarea cols=\"40\" rows=\"6\" maxlength=\"2000\" class=\"wpcf7-form-control wpcf7-textarea wpcf7-validates-as-required\" aria-required=\"true\" aria-invalid=\"false\" placeholder=\"Votre message\u2026\" name=\"Message\"><\/textarea><\/span>\n\t\t<\/p>\n\t<\/div>\n\t<div style= \"text-align: center;\">\n\t\t<p><input class=\"wpcf7-form-control wpcf7-submit has-spinner\" type=\"submit\" value=\"Envoyez \u2192\" \/>\n\t\t<\/p>\n\t<\/div>\n<\/div><div class=\"fusion-alert alert custom alert-custom fusion-alert-center wpcf7-response-output awb-alert-native-link-color alert-dismissable awb-alert-close-boxed\" style=\"--awb-border-size:1px;--awb-border-top-left-radius:0px;--awb-border-top-right-radius:0px;--awb-border-bottom-left-radius:0px;--awb-border-bottom-right-radius:0px;\" role=\"alert\"><div class=\"fusion-alert-content-wrapper\"><span class=\"fusion-alert-content\"><\/span><\/div><button type=\"button\" class=\"close toggle-alert\" data-dismiss=\"alert\" aria-label=\"Close\">&times;<\/button><\/div>\n<\/form>\n<\/div>\n<\/div><\/div><div class=\"fusion-layout-column fusion_builder_column fusion-builder-column-2 fusion_builder_column_1_2 1_2 fusion-flex-column\" style=\"--awb-padding-top:6vh;--awb-padding-right:3vw;--awb-padding-bottom:6vh;--awb-padding-left:3vw;--awb-padding-top-medium:8vw;--awb-padding-bottom-medium:8vw;--awb-padding-top-small:3vh;--awb-padding-right-small:15px;--awb-padding-bottom-small:3vh;--awb-padding-left-small:15px;--awb-overflow:hidden;--awb-bg-color:var(--awb-color2);--awb-bg-color-hover:var(--awb-color2);--awb-bg-size:cover;--awb-border-color:var(--awb-color4);--awb-border-style:solid;--awb-border-radius:0px 8px 8px 0px;--awb-width-large:50%;--awb-margin-top-large:0px;--awb-spacing-right-large:0px;--awb-margin-bottom-large:0px;--awb-spacing-left-large:0px;--awb-width-medium:50%;--awb-order-medium:0;--awb-spacing-right-medium:0px;--awb-spacing-left-medium:0px;--awb-width-small:100%;--awb-order-small:1;--awb-spacing-right-small:0px;--awb-spacing-left-small:0px;\" id=\"right-form\"><div class=\"fusion-column-wrapper fusion-column-has-shadow fusion-flex-justify-content-flex-start fusion-content-layout-column\"><div class=\"fusion-title title fusion-title-2 fusion-sep-none fusion-title-text fusion-title-size-two\" style=\"--awb-margin-bottom:10px;--awb-margin-top-small:10px;--awb-margin-right-small:0px;--awb-margin-bottom-small:10px;--awb-margin-left-small:0px;\"><h2 class=\"fusion-title-heading title-heading-left\" style=\"margin:0;line-height:1.3;\">Le mandat en pr\u00e9vision de l\u2019inaptitude<\/h2><\/div><div class=\"fusion-text fusion-text-2\" style=\"--awb-content-alignment:left;--awb-font-size:16px;\"><p>Le mandat en pr\u00e9vision de l\u2019inaptitude est un acte notari\u00e9, inscrit au Registre des mandats de la Chambre des notaires du Qu\u00e9bec, dans lequel une personne, le mandant, d\u00e9signe par avance une autre personne (le mandataire) pour voir \u00e0 la protection de sa personne et\/ou \u00e0 l\u2019administration de ses biens dans le cas o\u00f9 la maladie ou un accident la priverait de ses facult\u00e9s de fa\u00e7on temporaire ou permanente.<\/p>\n<\/div><div class=\"fusion-title title fusion-title-3 fusion-sep-none fusion-title-text fusion-title-size-two\" style=\"--awb-margin-bottom:10px;--awb-margin-top-small:10px;--awb-margin-right-small:0px;--awb-margin-bottom-small:10px;--awb-margin-left-small:0px;\"><h2 class=\"fusion-title-heading title-heading-left\" style=\"margin:0;line-height:1.3;\">Pourquoi confier la r\u00e9daction de votre mandat en pr\u00e9vision de l\u2019inaptitude \u00e0 un notaire?<\/h2><\/div><div class=\"fusion-text fusion-text-3\" style=\"--awb-content-alignment:left;--awb-font-size:16px;\"><p>Le notaire est un sp\u00e9cialiste de la r\u00e9daction de contrats. Il saura r\u00e9diger votre mandat en pr\u00e9vision de l\u2019inaptitude afin que ce dernier refl\u00e8te votre volont\u00e9 en des termes non \u00e9quivoques. De plus, le mandat \u00e9tant inscrit au Registre des mandats de la Chambre des notaires du Qu\u00e9bec et conserv\u00e9 dans en minute dans la vo\u00fbte du notaire, cela facilite son r\u00e9p\u00e9rage et permet un mise en application rapide en cas de besoin. Le risque d\u2019\u00e9garement, de d\u00e9gradation, ou de perte du mandat en pr\u00e9vision de l\u2019inaptitude est ainsi \u00e9limin\u00e9.<\/p>\n<\/div><\/div><\/div><\/div><\/div><\/p>\n","protected":false},"excerpt":{"rendered":"","protected":false},"author":1,"featured_media":12616,"parent":0,"menu_order":0,"comment_status":"closed","ping_status":"closed","template":"","meta":{"footnotes":""},"class_list":["post-10446","page","type-page","status-publish","has-post-thumbnail","hentry"],"yoast_head":"<!-- This site is optimized with the Yoast SEO plugin v26.2 - https:\/\/yoast.com\/wordpress\/plugins\/seo\/ -->\n<title>Mandat en pr\u00e9vision de l&#039;inaptitude - Mona Salehi<\/title>\n<meta name=\"description\" content=\"Vous recherchez un notaire \u00e0 Montr\u00e9al pour la r\u00e9daction de votre mandat en pr\u00e9vision de l&#039;inaptitude?\" \/>\n<meta name=\"robots\" content=\"index, follow, max-snippet:-1, max-image-preview:large, max-video-preview:-1\" \/>\n<link rel=\"canonical\" href=\"https:\/\/monasalehinotaire.com\/fr\/mandat-en-prevision-de-linaptitude\/\" \/>\n<meta name=\"twitter:label1\" content=\"Est. reading time\" \/>\n\t<meta name=\"twitter:data1\" content=\"2 minutes\" \/>\n<script type=\"application\/ld+json\" class=\"yoast-schema-graph\">{\"@context\":\"https:\/\/schema.org\",\"@graph\":[{\"@type\":\"WebPage\",\"@id\":\"https:\/\/monasalehinotaire.com\/fr\/mandat-en-prevision-de-linaptitude\/\",\"url\":\"https:\/\/monasalehinotaire.com\/fr\/mandat-en-prevision-de-linaptitude\/\",\"name\":\"Mandat en pr\u00e9vision de l'inaptitude - Mona Salehi\",\"isPartOf\":{\"@id\":\"https:\/\/monasalehinotaire.com\/#website\"},\"primaryImageOfPage\":{\"@id\":\"https:\/\/monasalehinotaire.com\/fr\/mandat-en-prevision-de-linaptitude\/#primaryimage\"},\"image\":{\"@id\":\"https:\/\/monasalehinotaire.com\/fr\/mandat-en-prevision-de-linaptitude\/#primaryimage\"},\"thumbnailUrl\":\"https:\/\/monasalehinotaire.com\/wp-content\/uploads\/2019\/08\/notary3.png\",\"datePublished\":\"2016-03-21T19:08:55+00:00\",\"dateModified\":\"2026-02-12T18:41:55+00:00\",\"description\":\"Vous recherchez un notaire \u00e0 Montr\u00e9al pour la r\u00e9daction de votre mandat en pr\u00e9vision de l'inaptitude?\",\"inLanguage\":\"fr-CA\",\"potentialAction\":[{\"@type\":\"ReadAction\",\"target\":[\"https:\/\/monasalehinotaire.com\/fr\/mandat-en-prevision-de-linaptitude\/\"]}]},{\"@type\":\"ImageObject\",\"inLanguage\":\"fr-CA\",\"@id\":\"https:\/\/monasalehinotaire.com\/fr\/mandat-en-prevision-de-linaptitude\/#primaryimage\",\"url\":\"https:\/\/monasalehinotaire.com\/wp-content\/uploads\/2019\/08\/notary3.png\",\"contentUrl\":\"https:\/\/monasalehinotaire.com\/wp-content\/uploads\/2019\/08\/notary3.png\",\"width\":2517,\"height\":503,\"caption\":\"notary\"},{\"@type\":\"WebSite\",\"@id\":\"https:\/\/monasalehinotaire.com\/#website\",\"url\":\"https:\/\/monasalehinotaire.com\/\",\"name\":\"Mtre. Mona Salehi, notary in Montreal\",\"description\":\"\",\"publisher\":{\"@id\":\"https:\/\/monasalehinotaire.com\/#organization\"},\"potentialAction\":[{\"@type\":\"SearchAction\",\"target\":{\"@type\":\"EntryPoint\",\"urlTemplate\":\"https:\/\/monasalehinotaire.com\/?s={search_term_string}\"},\"query-input\":{\"@type\":\"PropertyValueSpecification\",\"valueRequired\":true,\"valueName\":\"search_term_string\"}}],\"inLanguage\":\"fr-CA\"},{\"@type\":\"Organization\",\"@id\":\"https:\/\/monasalehinotaire.com\/#organization\",\"name\":\"Mtre. Mona Salehi, notary in Montreal\",\"url\":\"https:\/\/monasalehinotaire.com\/\",\"logo\":{\"@type\":\"ImageObject\",\"inLanguage\":\"fr-CA\",\"@id\":\"https:\/\/monasalehinotaire.com\/#\/schema\/logo\/image\/\",\"url\":\"https:\/\/monasalehinotaire.com\/wp-content\/uploads\/2016\/04\/Mona-logo-new.png\",\"contentUrl\":\"https:\/\/monasalehinotaire.com\/wp-content\/uploads\/2016\/04\/Mona-logo-new.png\",\"width\":603,\"height\":140,\"caption\":\"Mtre. Mona Salehi, notary in Montreal\"},\"image\":{\"@id\":\"https:\/\/monasalehinotaire.com\/#\/schema\/logo\/image\/\"}}]}<\/script>\n<!-- \/ Yoast SEO plugin. -->","yoast_head_json":{"title":"Mandat en pr\u00e9vision de l'inaptitude - Mona Salehi","description":"Vous recherchez un notaire \u00e0 Montr\u00e9al pour la r\u00e9daction de votre mandat en pr\u00e9vision de l'inaptitude?","robots":{"index":"index","follow":"follow","max-snippet":"max-snippet:-1","max-image-preview":"max-image-preview:large","max-video-preview":"max-video-preview:-1"},"canonical":"https:\/\/monasalehinotaire.com\/fr\/mandat-en-prevision-de-linaptitude\/","twitter_misc":{"Est. reading time":"2 minutes"},"schema":{"@context":"https:\/\/schema.org","@graph":[{"@type":"WebPage","@id":"https:\/\/monasalehinotaire.com\/fr\/mandat-en-prevision-de-linaptitude\/","url":"https:\/\/monasalehinotaire.com\/fr\/mandat-en-prevision-de-linaptitude\/","name":"Mandat en pr\u00e9vision de l'inaptitude - Mona Salehi","isPartOf":{"@id":"https:\/\/monasalehinotaire.com\/#website"},"primaryImageOfPage":{"@id":"https:\/\/monasalehinotaire.com\/fr\/mandat-en-prevision-de-linaptitude\/#primaryimage"},"image":{"@id":"https:\/\/monasalehinotaire.com\/fr\/mandat-en-prevision-de-linaptitude\/#primaryimage"},"thumbnailUrl":"https:\/\/monasalehinotaire.com\/wp-content\/uploads\/2019\/08\/notary3.png","datePublished":"2016-03-21T19:08:55+00:00","dateModified":"2026-02-12T18:41:55+00:00","description":"Vous recherchez un notaire \u00e0 Montr\u00e9al pour la r\u00e9daction de votre mandat en pr\u00e9vision de l'inaptitude?","inLanguage":"fr-CA","potentialAction":[{"@type":"ReadAction","target":["https:\/\/monasalehinotaire.com\/fr\/mandat-en-prevision-de-linaptitude\/"]}]},{"@type":"ImageObject","inLanguage":"fr-CA","@id":"https:\/\/monasalehinotaire.com\/fr\/mandat-en-prevision-de-linaptitude\/#primaryimage","url":"https:\/\/monasalehinotaire.com\/wp-content\/uploads\/2019\/08\/notary3.png","contentUrl":"https:\/\/monasalehinotaire.com\/wp-content\/uploads\/2019\/08\/notary3.png","width":2517,"height":503,"caption":"notary"},{"@type":"WebSite","@id":"https:\/\/monasalehinotaire.com\/#website","url":"https:\/\/monasalehinotaire.com\/","name":"Mtre. Mona Salehi, notary in Montreal","description":"","publisher":{"@id":"https:\/\/monasalehinotaire.com\/#organization"},"potentialAction":[{"@type":"SearchAction","target":{"@type":"EntryPoint","urlTemplate":"https:\/\/monasalehinotaire.com\/?s={search_term_string}"},"query-input":{"@type":"PropertyValueSpecification","valueRequired":true,"valueName":"search_term_string"}}],"inLanguage":"fr-CA"},{"@type":"Organization","@id":"https:\/\/monasalehinotaire.com\/#organization","name":"Mtre. Mona Salehi, notary in Montreal","url":"https:\/\/monasalehinotaire.com\/","logo":{"@type":"ImageObject","inLanguage":"fr-CA","@id":"https:\/\/monasalehinotaire.com\/#\/schema\/logo\/image\/","url":"https:\/\/monasalehinotaire.com\/wp-content\/uploads\/2016\/04\/Mona-logo-new.png","contentUrl":"https:\/\/monasalehinotaire.com\/wp-content\/uploads\/2016\/04\/Mona-logo-new.png","width":603,"height":140,"caption":"Mtre. Mona Salehi, notary in Montreal"},"image":{"@id":"https:\/\/monasalehinotaire.com\/#\/schema\/logo\/image\/"}}]}},"publishpress_future_action":{"enabled":false,"date":"2026-05-04 13:14:59","action":"change-status","newStatus":"draft","terms":[],"taxonomy":"translation_priority","extraData":[]},"publishpress_future_workflow_manual_trigger":{"enabledWorkflows":[]},"_links":{"self":[{"href":"https:\/\/monasalehinotaire.com\/fr\/wp-json\/wp\/v2\/pages\/10446","targetHints":{"allow":["GET"]}}],"collection":[{"href":"https:\/\/monasalehinotaire.com\/fr\/wp-json\/wp\/v2\/pages"}],"about":[{"href":"https:\/\/monasalehinotaire.com\/fr\/wp-json\/wp\/v2\/types\/page"}],"author":[{"embeddable":true,"href":"https:\/\/monasalehinotaire.com\/fr\/wp-json\/wp\/v2\/users\/1"}],"replies":[{"embeddable":true,"href":"https:\/\/monasalehinotaire.com\/fr\/wp-json\/wp\/v2\/comments?post=10446"}],"version-history":[{"count":0,"href":"https:\/\/monasalehinotaire.com\/fr\/wp-json\/wp\/v2\/pages\/10446\/revisions"}],"wp:featuredmedia":[{"embeddable":true,"href":"https:\/\/monasalehinotaire.com\/fr\/wp-json\/wp\/v2\/media\/12616"}],"wp:attachment":[{"href":"https:\/\/monasalehinotaire.com\/fr\/wp-json\/wp\/v2\/media?parent=10446"}],"curies":[{"name":"wp","href":"https:\/\/api.w.org\/{rel}","templated":true}]}}