{"id":25703,"date":"2024-05-07T13:30:52","date_gmt":"2024-05-07T17:30:52","guid":{"rendered":"https:\/\/monasalehinotaire.com\/?page_id=25703"},"modified":"2026-02-11T11:24:37","modified_gmt":"2026-02-11T15:24:37","slug":"renonciation-au-partage-du-regime-dunion-parentale","status":"publish","type":"page","link":"https:\/\/monasalehinotaire.com\/fr\/renonciation-au-partage-du-regime-dunion-parentale\/","title":{"rendered":"Renonciation au partage du r\u00e9gime d\u2019union parentale"},"content":{"rendered":"<p><div class=\"fusion-fullwidth fullwidth-box fusion-builder-row-1 fusion-flex-container has-pattern-background has-mask-background nonhundred-percent-fullwidth non-hundred-percent-height-scrolling\" style=\"--awb-border-radius-top-left:0px;--awb-border-radius-top-right:0px;--awb-border-radius-bottom-right:0px;--awb-border-radius-bottom-left:0px;--awb-flex-wrap:wrap;\" ><div class=\"fusion-builder-row fusion-row fusion-flex-align-items-flex-start fusion-flex-content-wrap\" style=\"max-width:1365px;margin-left: calc(-5% \/ 2 );margin-right: calc(-5% \/ 2 );\"><div class=\"fusion-layout-column fusion_builder_column fusion-builder-column-0 fusion_builder_column_1_1 1_1 fusion-flex-column\" style=\"--awb-bg-size:cover;--awb-width-large:100%;--awb-margin-top-large:0px;--awb-spacing-right-large:2.375%;--awb-margin-bottom-large:20px;--awb-spacing-left-large:2.375%;--awb-width-medium:100%;--awb-order-medium:0;--awb-spacing-right-medium:2.375%;--awb-spacing-left-medium:2.375%;--awb-width-small:100%;--awb-order-small:0;--awb-spacing-right-small:2.375%;--awb-spacing-left-small:2.375%;\"><div class=\"fusion-column-wrapper fusion-column-has-shadow fusion-flex-justify-content-flex-start fusion-content-layout-column\"><div class=\"fusion-separator fusion-full-width-sep\" style=\"align-self: center;margin-left: auto;margin-right: auto;width:100%;\"><\/div><\/div><\/div><\/div><\/div><div class=\"fusion-fullwidth fullwidth-box fusion-builder-row-2 fusion-flex-container has-pattern-background has-mask-background nonhundred-percent-fullwidth non-hundred-percent-height-scrolling\" style=\"--awb-border-radius-top-left:0px;--awb-border-radius-top-right:0px;--awb-border-radius-bottom-right:0px;--awb-border-radius-bottom-left:0px;--awb-flex-wrap:wrap;\" ><div class=\"fusion-builder-row fusion-row fusion-flex-align-items-flex-start fusion-flex-content-wrap\" style=\"max-width:1365px;margin-left: calc(-5% \/ 2 );margin-right: calc(-5% \/ 2 );\"><div class=\"fusion-layout-column fusion_builder_column fusion-builder-column-1 fusion_builder_column_1_1 1_1 fusion-flex-column\" style=\"--awb-bg-color:#f29dad;--awb-bg-color-hover:#f29dad;--awb-bg-size:cover;--awb-width-large:100%;--awb-margin-top-large:0px;--awb-spacing-right-large:2.375%;--awb-margin-bottom-large:20px;--awb-spacing-left-large:2.375%;--awb-width-medium:100%;--awb-order-medium:0;--awb-spacing-right-medium:2.375%;--awb-spacing-left-medium:2.375%;--awb-width-small:100%;--awb-order-small:0;--awb-spacing-right-small:2.375%;--awb-spacing-left-small:2.375%;\" data-scroll-devices=\"small-visibility,medium-visibility,large-visibility\"><div class=\"fusion-column-wrapper fusion-column-has-shadow fusion-flex-justify-content-flex-start fusion-content-layout-column\"><div class=\"fusion-text fusion-text-1\"><h2 style=\"text-align: center;\">Prenez note que nous ne sommes temporairement pas en mesure de prendre de nouveaux dossiers pour ce service pour l&#8217;ann\u00e9e 2026.<\/h2>\n<\/div><\/div><\/div><\/div><\/div><div class=\"fusion-fullwidth fullwidth-box fusion-builder-row-3 fusion-flex-container has-pattern-background has-mask-background nonhundred-percent-fullwidth non-hundred-percent-height-scrolling\" style=\"--awb-border-radius-top-left:0px;--awb-border-radius-top-right:0px;--awb-border-radius-bottom-right:0px;--awb-border-radius-bottom-left:0px;--awb-flex-wrap:wrap;\" ><div class=\"fusion-builder-row fusion-row fusion-flex-align-items-flex-start fusion-flex-content-wrap\" style=\"max-width:1365px;margin-left: calc(-5% \/ 2 );margin-right: calc(-5% \/ 2 );\"><div class=\"fusion-layout-column fusion_builder_column fusion-builder-column-2 fusion_builder_column_1_1 1_1 fusion-flex-column\" style=\"--awb-bg-size:cover;--awb-width-large:100%;--awb-margin-top-large:0px;--awb-spacing-right-large:2.375%;--awb-margin-bottom-large:20px;--awb-spacing-left-large:2.375%;--awb-width-medium:100%;--awb-order-medium:0;--awb-spacing-right-medium:2.375%;--awb-spacing-left-medium:2.375%;--awb-width-small:100%;--awb-order-small:0;--awb-spacing-right-small:2.375%;--awb-spacing-left-small:2.375%;\"><div class=\"fusion-column-wrapper fusion-column-has-shadow fusion-flex-justify-content-flex-start fusion-content-layout-column\"><div class=\"fusion-text fusion-text-2\"><p style=\"text-align: left;\">Le r\u00e9gime d\u2019union parentale concerne les couples qui sont parents d\u2019un ou des enfants communs, mais qui ne sont pas mari\u00e9s.<\/p>\n<p style=\"text-align: left;\">Ainsi, ce r\u00e9gime s&#8217;appliquerait automatiquement aux conjoints de fait (couples non mari\u00e9s et non unis civilement) qui seront les parents d\u2019enfants communs n\u00e9s apr\u00e8s le 30 juin 2025. Ce r\u00e9gime inclurait \u00e9galement les parents d\u2019enfants adopt\u00e9s apr\u00e8s cette date.<\/p>\n<p style=\"text-align: left;\">Le r\u00e9gime d\u2019union parentale d\u00e9coule du projet de Loi no 56 portant sur la r\u00e9forme du droit de la famille au Qu\u00e9bec, et instituant le r\u00e9gime d\u2019union parentale port\u00e9 par le ministre de la Justice du Qu\u00e9bec Simon Jolin-Barrette.<\/p>\n<\/div><\/div><\/div><\/div><\/div><div class=\"fusion-fullwidth fullwidth-box fusion-builder-row-4 fusion-flex-container nonhundred-percent-fullwidth non-hundred-percent-height-scrolling\" style=\"--awb-border-color:var(--awb-color4);--awb-border-radius-top-left:0px;--awb-border-radius-top-right:0px;--awb-border-radius-bottom-right:0px;--awb-border-radius-bottom-left:0px;--awb-padding-top:0px;--awb-padding-right:10vw;--awb-padding-bottom:0px;--awb-padding-left:10vw;--awb-padding-right-small:0px;--awb-padding-left-small:0px;--awb-margin-bottom:0px;--awb-background-color:var(--awb-color1);--awb-flex-wrap:wrap;\" id=\"right-form\" ><div class=\"fusion-builder-row fusion-row fusion-flex-align-items-stretch fusion-flex-content-wrap\" style=\"max-width:calc( 1300px + 0px );margin-left: calc(-0px \/ 2 );margin-right: calc(-0px \/ 2 );\"><div class=\"fusion-layout-column fusion_builder_column fusion-builder-column-3 fusion_builder_column_1_2 1_2 fusion-flex-column fusion-flex-align-self-stretch\" style=\"--awb-padding-top:50px;--awb-padding-right:3vw;--awb-padding-bottom:50px;--awb-padding-left:3vw;--awb-padding-top-medium:0px;--awb-padding-right-medium:30px;--awb-padding-bottom-medium:0px;--awb-padding-left-medium:30px;--awb-padding-right-small:2rem;--awb-padding-bottom-small:3rem;--awb-padding-left-small:2rem;--awb-bg-color:rgba(35,24,0,0.46);--awb-bg-color-hover:rgba(35,24,0,0.46);--awb-bg-position:center center;--awb-bg-blend:overlay;--awb-bg-size:cover;--awb-width-large:50%;--awb-margin-top-large:0px;--awb-spacing-right-large:0px;--awb-margin-bottom-large:0px;--awb-spacing-left-large:0px;--awb-width-medium:50%;--awb-order-medium:0;--awb-spacing-right-medium:0px;--awb-spacing-left-medium:0px;--awb-width-small:100%;--awb-order-small:0;--awb-spacing-right-small:0px;--awb-spacing-left-small:0px;\" id=\"slider-form\" data-scroll-devices=\"small-visibility,medium-visibility,large-visibility\"><div class=\"fusion-column-wrapper lazyload fusion-column-has-shadow fusion-flex-justify-content-center fusion-content-layout-column fusion-column-has-bg-image\" data-bg-url=\"https:\/\/monasalehinotaire.com\/wp-content\/uploads\/2022\/07\/van-tay-media-Kab_-4M4I74-unsplash-300x219.jpg\" data-bg=\"https:\/\/monasalehinotaire.com\/wp-content\/uploads\/2022\/07\/van-tay-media-Kab_-4M4I74-unsplash-300x219.jpg\"><div class=\"fusion-title title fusion-title-1 fusion-sep-none fusion-title-center fusion-title-text fusion-title-size-two\" style=\"--awb-text-color:var(--awb-color1);--awb-margin-top-small:10px;--awb-margin-right-small:0px;--awb-margin-bottom-small:10px;--awb-margin-left-small:0px;\"><h2 class=\"fusion-title-heading title-heading-center\" style=\"margin:0;\">Nous contacter<\/h2><\/div>\n<div class=\"wpcf7 no-js\" id=\"wpcf7-f10050-o1\" lang=\"en-CA\" dir=\"ltr\" data-wpcf7-id=\"10050\">\n<div class=\"screen-reader-response\"><p role=\"status\" aria-live=\"polite\" aria-atomic=\"true\"><\/p> <ul><\/ul><\/div>\n<form action=\"\/fr\/wp-json\/wp\/v2\/pages\/25703#wpcf7-f10050-o1\" method=\"post\" class=\"wpcf7-form init\" aria-label=\"Contact form\" novalidate=\"novalidate\" data-status=\"init\">\n<fieldset class=\"hidden-fields-container\"><input type=\"hidden\" name=\"_wpcf7\" value=\"10050\" \/><input type=\"hidden\" name=\"_wpcf7_version\" value=\"6.1.5\" \/><input type=\"hidden\" name=\"_wpcf7_locale\" value=\"en_CA\" \/><input type=\"hidden\" name=\"_wpcf7_unit_tag\" value=\"wpcf7-f10050-o1\" \/><input type=\"hidden\" name=\"_wpcf7_container_post\" value=\"0\" \/><input type=\"hidden\" name=\"_wpcf7_posted_data_hash\" value=\"\" \/><input type=\"hidden\" name=\"_wpcf7_recaptcha_response\" value=\"\" \/>\n<\/fieldset>\n<div class=\"row\">\n\t<div class=\"grid-1-3\">\n\t\t<p><span class=\"wpcf7-form-control-wrap\" data-name=\"Name\"><input size=\"40\" maxlength=\"400\" class=\"wpcf7-form-control wpcf7-text wpcf7-validates-as-required\" aria-required=\"true\" aria-invalid=\"false\" placeholder=\"Nom\" value=\"\" type=\"text\" name=\"Name\" \/><\/span>\n\t\t<\/p>\n\t<\/div>\n\t<div class=\"grid-1-3\">\n\t\t<p><span class=\"wpcf7-form-control-wrap\" data-name=\"E-mail\"><input size=\"40\" maxlength=\"400\" class=\"wpcf7-form-control wpcf7-text wpcf7-validates-as-required\" aria-required=\"true\" aria-invalid=\"false\" placeholder=\"E-mail\" value=\"\" type=\"text\" name=\"E-mail\" \/><\/span>\n\t\t<\/p>\n\t<\/div>\n\t<div class=\"grid-1-3\">\n\t\t<p><span class=\"wpcf7-form-control-wrap\" data-name=\"Phone\"><input size=\"40\" maxlength=\"400\" class=\"wpcf7-form-control wpcf7-text\" aria-invalid=\"false\" placeholder=\"T\u00e9l\u00e9phone\" value=\"\" type=\"text\" name=\"Phone\" \/><\/span>\n\t\t<\/p>\n\t<\/div>\n\t<div class=\"grid-1-1\">\n\t\t<p><span class=\"wpcf7-form-control-wrap\" data-name=\"Subject\"><input size=\"40\" maxlength=\"400\" class=\"wpcf7-form-control wpcf7-text wpcf7-validates-as-required\" aria-required=\"true\" aria-invalid=\"false\" placeholder=\"Sujet\" value=\"\" type=\"text\" name=\"Subject\" \/><\/span>\n\t\t<\/p>\n\t<\/div>\n\t<div class=\"grid-1-1\">\n\t\t<p><span class=\"wpcf7-form-control-wrap\" data-name=\"Message\"><textarea cols=\"40\" rows=\"6\" maxlength=\"2000\" class=\"wpcf7-form-control wpcf7-textarea wpcf7-validates-as-required\" aria-required=\"true\" aria-invalid=\"false\" placeholder=\"Votre massage...\" name=\"Message\"><\/textarea><\/span>\n\t\t<\/p>\n\t<\/div>\n\t<div style= \"text-align: center;\">\n\t\t<p><input class=\"wpcf7-form-control wpcf7-submit has-spinner\" type=\"submit\" value=\"Envoyez \u2192\" \/>\n\t\t<\/p>\n\t<\/div>\n<\/div><div class=\"fusion-alert alert custom alert-custom fusion-alert-center wpcf7-response-output awb-alert-native-link-color alert-dismissable awb-alert-close-boxed\" style=\"--awb-border-size:1px;--awb-border-top-left-radius:0px;--awb-border-top-right-radius:0px;--awb-border-bottom-left-radius:0px;--awb-border-bottom-right-radius:0px;\" role=\"alert\"><div class=\"fusion-alert-content-wrapper\"><span class=\"fusion-alert-content\"><\/span><\/div><button type=\"button\" class=\"close toggle-alert\" data-dismiss=\"alert\" aria-label=\"Close\">&times;<\/button><\/div>\n<\/form>\n<\/div>\n<\/div><\/div><div class=\"fusion-layout-column fusion_builder_column fusion-builder-column-4 fusion_builder_column_1_2 1_2 fusion-flex-column\" style=\"--awb-padding-top:6vh;--awb-padding-right:3vw;--awb-padding-bottom:6vh;--awb-padding-left:3vw;--awb-padding-top-medium:8vw;--awb-padding-bottom-medium:8vw;--awb-padding-top-small:3vh;--awb-padding-right-small:2rem;--awb-padding-bottom-small:3vh;--awb-padding-left-small:2rem;--awb-bg-color:var(--awb-color2);--awb-bg-color-hover:var(--awb-color2);--awb-bg-size:cover;--awb-border-color:var(--awb-color4);--awb-border-style:solid;--awb-width-large:50%;--awb-margin-top-large:0px;--awb-spacing-right-large:0px;--awb-margin-bottom-large:0px;--awb-spacing-left-large:0px;--awb-width-medium:50%;--awb-order-medium:0;--awb-spacing-right-medium:0px;--awb-spacing-left-medium:0px;--awb-width-small:100%;--awb-order-small:1;--awb-spacing-right-small:0px;--awb-spacing-left-small:0px;\" data-scroll-devices=\"small-visibility,medium-visibility,large-visibility\"><div class=\"fusion-column-wrapper fusion-column-has-shadow fusion-flex-justify-content-flex-start fusion-content-layout-column\"><div class=\"fusion-title title fusion-title-2 fusion-sep-none fusion-title-text fusion-title-size-two\" style=\"--awb-margin-top-small:10px;--awb-margin-right-small:0px;--awb-margin-bottom-small:10px;--awb-margin-left-small:0px;\"><h2 class=\"fusion-title-heading title-heading-left\" style=\"margin:0;\">Constitution du patrimoine familial<\/h2><\/div><div class=\"fusion-text fusion-text-3\"><p style=\"text-align: left;\">La formation de cette union parentale entra\u00eenerait la constitution d\u2019un patrimoine familial constitu\u00e9 des biens suivants :<\/p>\n<ul>\n<li>R\u00e9sidence familiale,<\/li>\n<li>Meubles de la r\u00e9sidence familiale,<\/li>\n<li>V\u00e9hicules automobiles utilis\u00e9s par la famille.<\/li>\n<\/ul>\n<p style=\"text-align: left;\">Il est \u00e0 noter que des modifications au projet de loi pourraient survenir lors des consultations particuli\u00e8res \u00e0 venir en commission parlementaire, notamment quant \u00e0 la terminologie utilis\u00e9e.<\/p>\n<p style=\"text-align: left;\">Par ailleurs, les composants du patrimoine familial pour les couples non mari\u00e9s qui sont parents d\u2019enfants communs sont plus restreints que ceux du patrimoine familial pour les couples mari\u00e9s.<\/p>\n<p style=\"text-align: left;\">Pour les couples mari\u00e9s, les r\u00e9gimes de retraite et les r\u00e9sidences secondaires familiales sont \u00e9galement inclus dans le patrimoine familial, alors que pour les couples non mari\u00e9s et parents d\u2019enfants communs, il est seulement question de la r\u00e9sidence principale familiale, les meubles, et les v\u00e9hicules familiaux.<\/p>\n<\/div><\/div><\/div><\/div><\/div><div class=\"fusion-fullwidth fullwidth-box fusion-builder-row-5 fusion-flex-container has-pattern-background has-mask-background nonhundred-percent-fullwidth non-hundred-percent-height-scrolling\" style=\"--awb-border-radius-top-left:0px;--awb-border-radius-top-right:0px;--awb-border-radius-bottom-right:0px;--awb-border-radius-bottom-left:0px;--awb-margin-top:2rem;--awb-flex-wrap:wrap;\" ><div class=\"fusion-builder-row fusion-row fusion-flex-align-items-flex-start fusion-flex-content-wrap\" style=\"max-width:1365px;margin-left: calc(-5% \/ 2 );margin-right: calc(-5% \/ 2 );\"><div class=\"fusion-layout-column fusion_builder_column fusion-builder-column-5 fusion_builder_column_1_1 1_1 fusion-flex-column\" style=\"--awb-bg-size:cover;--awb-width-large:100%;--awb-margin-top-large:0px;--awb-spacing-right-large:2.375%;--awb-margin-bottom-large:20px;--awb-spacing-left-large:2.375%;--awb-width-medium:100%;--awb-order-medium:0;--awb-spacing-right-medium:2.375%;--awb-spacing-left-medium:2.375%;--awb-width-small:100%;--awb-order-small:0;--awb-spacing-right-small:2.375%;--awb-spacing-left-small:2.375%;\"><div class=\"fusion-column-wrapper fusion-column-has-shadow fusion-flex-justify-content-flex-start fusion-content-layout-column\"><div class=\"fusion-title title fusion-title-3 fusion-sep-none fusion-title-text fusion-title-size-two\" style=\"--awb-margin-top-small:10px;--awb-margin-right-small:0px;--awb-margin-bottom-small:10px;--awb-margin-left-small:0px;\"><h2 class=\"fusion-title-heading title-heading-left\" style=\"margin:0;\">Renoncer en tout ou en partie au partage du R\u00e9gime d\u2019union parentale par acte notari\u00e9<\/h2><\/div><div class=\"fusion-text fusion-text-4\"><p style=\"text-align: left;\">Il est possible de renoncer en tout ou en partie au R\u00e9gime d\u2019union parentale par acte notari\u00e9. Me Mona Salehi et son \u00e9quipe seront disponibles pour vous assister dans la renonciation partielle ou totale du partage du R\u00e9gime d\u2019union parentale. La renonciation sera publi\u00e9e au Registre des droits personnels et r\u00e9els mobiliers (RDPRM).<\/p>\n<\/div><\/div><\/div><\/div><\/div><\/p>\n","protected":false},"excerpt":{"rendered":"","protected":false},"author":1072,"featured_media":25708,"parent":0,"menu_order":0,"comment_status":"closed","ping_status":"closed","template":"","meta":{"_acf_changed":false,"footnotes":""},"class_list":["post-25703","page","type-page","status-publish","has-post-thumbnail","hentry"],"acf":[],"yoast_head":"<!-- This site is optimized with the Yoast SEO plugin v27.4 - https:\/\/yoast.com\/product\/yoast-seo-wordpress\/ -->\n<title>Renonciation au partage du r\u00e9gime d\u2019union parentale - Notaire<\/title>\n<meta name=\"description\" content=\"Le r\u00e9gime d\u2019union parentale concerne les couples qui sont parents d\u2019un ou des enfants communs, mais qui ne sont pas mari\u00e9s.\" \/>\n<meta name=\"robots\" content=\"index, follow, max-snippet:-1, max-image-preview:large, max-video-preview:-1\" \/>\n<link rel=\"canonical\" href=\"https:\/\/monasalehinotaire.com\/fr\/renonciation-au-partage-du-regime-dunion-parentale\/\" \/>\n<meta name=\"twitter:label1\" content=\"Est. reading time\" \/>\n\t<meta name=\"twitter:data1\" content=\"2 minutes\" \/>\n<script type=\"application\/ld+json\" class=\"yoast-schema-graph\">{\"@context\":\"https:\\\/\\\/schema.org\",\"@graph\":[{\"@type\":\"WebPage\",\"@id\":\"https:\\\/\\\/monasalehinotaire.com\\\/fr\\\/renonciation-au-partage-du-regime-dunion-parentale\\\/\",\"url\":\"https:\\\/\\\/monasalehinotaire.com\\\/fr\\\/renonciation-au-partage-du-regime-dunion-parentale\\\/\",\"name\":\"Renonciation au partage du r\u00e9gime d\u2019union parentale - Notaire\",\"isPartOf\":{\"@id\":\"https:\\\/\\\/monasalehinotaire.com\\\/#website\"},\"primaryImageOfPage\":{\"@id\":\"https:\\\/\\\/monasalehinotaire.com\\\/fr\\\/renonciation-au-partage-du-regime-dunion-parentale\\\/#primaryimage\"},\"image\":{\"@id\":\"https:\\\/\\\/monasalehinotaire.com\\\/fr\\\/renonciation-au-partage-du-regime-dunion-parentale\\\/#primaryimage\"},\"thumbnailUrl\":\"https:\\\/\\\/monasalehinotaire.com\\\/wp-content\\\/uploads\\\/2024\\\/05\\\/header-blocks-toys.jpg\",\"datePublished\":\"2024-05-07T17:30:52+00:00\",\"dateModified\":\"2026-02-11T15:24:37+00:00\",\"description\":\"Le r\u00e9gime d\u2019union parentale concerne les couples qui sont parents d\u2019un ou des enfants communs, mais qui ne sont pas mari\u00e9s.\",\"inLanguage\":\"fr-CA\",\"potentialAction\":[{\"@type\":\"ReadAction\",\"target\":[\"https:\\\/\\\/monasalehinotaire.com\\\/fr\\\/renonciation-au-partage-du-regime-dunion-parentale\\\/\"]}]},{\"@type\":\"ImageObject\",\"inLanguage\":\"fr-CA\",\"@id\":\"https:\\\/\\\/monasalehinotaire.com\\\/fr\\\/renonciation-au-partage-du-regime-dunion-parentale\\\/#primaryimage\",\"url\":\"https:\\\/\\\/monasalehinotaire.com\\\/wp-content\\\/uploads\\\/2024\\\/05\\\/header-blocks-toys.jpg\",\"contentUrl\":\"https:\\\/\\\/monasalehinotaire.com\\\/wp-content\\\/uploads\\\/2024\\\/05\\\/header-blocks-toys.jpg\",\"width\":1918,\"height\":597,\"caption\":\"Children Header\"},{\"@type\":\"WebSite\",\"@id\":\"https:\\\/\\\/monasalehinotaire.com\\\/#website\",\"url\":\"https:\\\/\\\/monasalehinotaire.com\\\/\",\"name\":\"Mtre. Mona Salehi, notary in Montreal\",\"description\":\"\",\"publisher\":{\"@id\":\"https:\\\/\\\/monasalehinotaire.com\\\/#organization\"},\"potentialAction\":[{\"@type\":\"SearchAction\",\"target\":{\"@type\":\"EntryPoint\",\"urlTemplate\":\"https:\\\/\\\/monasalehinotaire.com\\\/?s={search_term_string}\"},\"query-input\":{\"@type\":\"PropertyValueSpecification\",\"valueRequired\":true,\"valueName\":\"search_term_string\"}}],\"inLanguage\":\"fr-CA\"},{\"@type\":\"Organization\",\"@id\":\"https:\\\/\\\/monasalehinotaire.com\\\/#organization\",\"name\":\"Mtre. Mona Salehi, notary in Montreal\",\"url\":\"https:\\\/\\\/monasalehinotaire.com\\\/\",\"logo\":{\"@type\":\"ImageObject\",\"inLanguage\":\"fr-CA\",\"@id\":\"https:\\\/\\\/monasalehinotaire.com\\\/#\\\/schema\\\/logo\\\/image\\\/\",\"url\":\"https:\\\/\\\/monasalehinotaire.com\\\/wp-content\\\/uploads\\\/2016\\\/04\\\/Mona-logo-new.png\",\"contentUrl\":\"https:\\\/\\\/monasalehinotaire.com\\\/wp-content\\\/uploads\\\/2016\\\/04\\\/Mona-logo-new.png\",\"width\":603,\"height\":140,\"caption\":\"Mtre. Mona Salehi, notary in Montreal\"},\"image\":{\"@id\":\"https:\\\/\\\/monasalehinotaire.com\\\/#\\\/schema\\\/logo\\\/image\\\/\"}}]}<\/script>\n<!-- \/ Yoast SEO plugin. -->","yoast_head_json":{"title":"Renonciation au partage du r\u00e9gime d\u2019union parentale - Notaire","description":"Le r\u00e9gime d\u2019union parentale concerne les couples qui sont parents d\u2019un ou des enfants communs, mais qui ne sont pas mari\u00e9s.","robots":{"index":"index","follow":"follow","max-snippet":"max-snippet:-1","max-image-preview":"max-image-preview:large","max-video-preview":"max-video-preview:-1"},"canonical":"https:\/\/monasalehinotaire.com\/fr\/renonciation-au-partage-du-regime-dunion-parentale\/","twitter_misc":{"Est. reading time":"2 minutes"},"schema":{"@context":"https:\/\/schema.org","@graph":[{"@type":"WebPage","@id":"https:\/\/monasalehinotaire.com\/fr\/renonciation-au-partage-du-regime-dunion-parentale\/","url":"https:\/\/monasalehinotaire.com\/fr\/renonciation-au-partage-du-regime-dunion-parentale\/","name":"Renonciation au partage du r\u00e9gime d\u2019union parentale - Notaire","isPartOf":{"@id":"https:\/\/monasalehinotaire.com\/#website"},"primaryImageOfPage":{"@id":"https:\/\/monasalehinotaire.com\/fr\/renonciation-au-partage-du-regime-dunion-parentale\/#primaryimage"},"image":{"@id":"https:\/\/monasalehinotaire.com\/fr\/renonciation-au-partage-du-regime-dunion-parentale\/#primaryimage"},"thumbnailUrl":"https:\/\/monasalehinotaire.com\/wp-content\/uploads\/2024\/05\/header-blocks-toys.jpg","datePublished":"2024-05-07T17:30:52+00:00","dateModified":"2026-02-11T15:24:37+00:00","description":"Le r\u00e9gime d\u2019union parentale concerne les couples qui sont parents d\u2019un ou des enfants communs, mais qui ne sont pas mari\u00e9s.","inLanguage":"fr-CA","potentialAction":[{"@type":"ReadAction","target":["https:\/\/monasalehinotaire.com\/fr\/renonciation-au-partage-du-regime-dunion-parentale\/"]}]},{"@type":"ImageObject","inLanguage":"fr-CA","@id":"https:\/\/monasalehinotaire.com\/fr\/renonciation-au-partage-du-regime-dunion-parentale\/#primaryimage","url":"https:\/\/monasalehinotaire.com\/wp-content\/uploads\/2024\/05\/header-blocks-toys.jpg","contentUrl":"https:\/\/monasalehinotaire.com\/wp-content\/uploads\/2024\/05\/header-blocks-toys.jpg","width":1918,"height":597,"caption":"Children Header"},{"@type":"WebSite","@id":"https:\/\/monasalehinotaire.com\/#website","url":"https:\/\/monasalehinotaire.com\/","name":"Mtre. Mona Salehi, notary in Montreal","description":"","publisher":{"@id":"https:\/\/monasalehinotaire.com\/#organization"},"potentialAction":[{"@type":"SearchAction","target":{"@type":"EntryPoint","urlTemplate":"https:\/\/monasalehinotaire.com\/?s={search_term_string}"},"query-input":{"@type":"PropertyValueSpecification","valueRequired":true,"valueName":"search_term_string"}}],"inLanguage":"fr-CA"},{"@type":"Organization","@id":"https:\/\/monasalehinotaire.com\/#organization","name":"Mtre. Mona Salehi, notary in Montreal","url":"https:\/\/monasalehinotaire.com\/","logo":{"@type":"ImageObject","inLanguage":"fr-CA","@id":"https:\/\/monasalehinotaire.com\/#\/schema\/logo\/image\/","url":"https:\/\/monasalehinotaire.com\/wp-content\/uploads\/2016\/04\/Mona-logo-new.png","contentUrl":"https:\/\/monasalehinotaire.com\/wp-content\/uploads\/2016\/04\/Mona-logo-new.png","width":603,"height":140,"caption":"Mtre. Mona Salehi, notary in Montreal"},"image":{"@id":"https:\/\/monasalehinotaire.com\/#\/schema\/logo\/image\/"}}]}},"publishpress_future_action":{"enabled":false,"date":"2026-06-05 04:11:44","action":"change-status","newStatus":"draft","terms":[],"taxonomy":"translation_priority","extraData":[]},"publishpress_future_workflow_manual_trigger":{"enabledWorkflows":[]},"_links":{"self":[{"href":"https:\/\/monasalehinotaire.com\/fr\/wp-json\/wp\/v2\/pages\/25703","targetHints":{"allow":["GET"]}}],"collection":[{"href":"https:\/\/monasalehinotaire.com\/fr\/wp-json\/wp\/v2\/pages"}],"about":[{"href":"https:\/\/monasalehinotaire.com\/fr\/wp-json\/wp\/v2\/types\/page"}],"author":[{"embeddable":true,"href":"https:\/\/monasalehinotaire.com\/fr\/wp-json\/wp\/v2\/users\/1072"}],"replies":[{"embeddable":true,"href":"https:\/\/monasalehinotaire.com\/fr\/wp-json\/wp\/v2\/comments?post=25703"}],"version-history":[{"count":0,"href":"https:\/\/monasalehinotaire.com\/fr\/wp-json\/wp\/v2\/pages\/25703\/revisions"}],"wp:featuredmedia":[{"embeddable":true,"href":"https:\/\/monasalehinotaire.com\/fr\/wp-json\/wp\/v2\/media\/25708"}],"wp:attachment":[{"href":"https:\/\/monasalehinotaire.com\/fr\/wp-json\/wp\/v2\/media?parent=25703"}],"curies":[{"name":"wp","href":"https:\/\/api.w.org\/{rel}","templated":true}]}}