{"id":9858,"date":"2013-03-22T18:53:51","date_gmt":"2013-03-22T18:53:51","guid":{"rendered":"https:\/\/monasalehi.wpengine.com\/\/?page_id=9858&#038;lang=fr"},"modified":"2025-04-01T17:21:34","modified_gmt":"2025-04-01T21:21:34","slug":"blog","status":"publish","type":"page","link":"https:\/\/monasalehinotaire.com\/fr\/blog\/","title":{"rendered":"Blogue"},"content":{"rendered":"<div class=\"fusion-fullwidth fullwidth-box fusion-builder-row-1 fusion-flex-container nonhundred-percent-fullwidth non-hundred-percent-height-scrolling\" style=\"--awb-border-radius-top-left:0px;--awb-border-radius-top-right:0px;--awb-border-radius-bottom-right:0px;--awb-border-radius-bottom-left:0px;--awb-padding-top:30px;--awb-padding-right:10vw;--awb-padding-bottom:30px;--awb-padding-left:10vw;--awb-flex-wrap:wrap;\" ><div class=\"fusion-builder-row fusion-row fusion-flex-align-items-flex-start fusion-flex-content-wrap\" style=\"max-width:1365px;margin-left: calc(-5% \/ 2 );margin-right: calc(-5% \/ 2 );\"><div class=\"fusion-layout-column fusion_builder_column fusion-builder-column-0 fusion_builder_column_3_4 3_4 fusion-flex-column\" style=\"--awb-bg-size:cover;--awb-width-large:75%;--awb-margin-top-large:0px;--awb-spacing-right-large:3.16666666667%;--awb-margin-bottom-large:20px;--awb-spacing-left-large:3.16666666667%;--awb-width-medium:75%;--awb-order-medium:0;--awb-spacing-right-medium:3.16666666667%;--awb-spacing-left-medium:3.16666666667%;--awb-width-small:100%;--awb-order-small:0;--awb-spacing-right-small:2.375%;--awb-spacing-left-small:2.375%;\"><div class=\"fusion-column-wrapper fusion-column-has-shadow fusion-flex-justify-content-flex-start fusion-content-layout-column\"><div class=\"fusion-title title fusion-title-1 fusion-sep-none fusion-title-text fusion-title-size-one\" style=\"--awb-margin-bottom:2rem;--awb-margin-top-small:10px;--awb-margin-right-small:0px;--awb-margin-bottom-small:10px;--awb-margin-left-small:0px;\"><h1 class=\"fusion-title-heading title-heading-left\" style=\"margin:0;\">Blogue<\/h1><\/div><div class=\"fusion-blog-shortcode fusion-blog-shortcode-1 fusion-blog-archive fusion-blog-layout-large fusion-blog-pagination\"><div class=\"fusion-posts-container fusion-posts-container-pagination fusion-blog-rollover\" data-pages=\"18\"><article id=\"blog-1-post-56327\" class=\"fusion-post-large post-56327 post type-post status-publish format-standard hentry category-non-classifiee\">\n\t<style type=\"text\/css\">\n\t\t\n\t\t\n\t\t\n\t\t\n\t\t\t<\/style>\n\n\n<div class=\"fusion-post-content post-content\"><h2 class=\"blog-shortcode-post-title entry-title\"><a href=\"https:\/\/monasalehinotaire.com\/fr\/ne-laissez-pas-chatgpt-gacher-votre-mariage\/\">Ne laissez pas ChatGPT g\u00e2cher votre mariage!<\/a><\/h2><div class=\"fusion-post-content-container\"><p>De plus en plus de personnes utilisent ChatGPT ou bien [...]<\/p><\/div><\/div><div class=\"fusion-clearfix\"><\/div><div class=\"fusion-meta-info\"><div class=\"fusion-alignleft\"><span class=\"updated\" style=\"display:none;\">2026-01-18T02:08:07-04:00<\/span><span>18 janvier 2026<\/span><span class=\"fusion-inline-sep\">|<\/span>Categories: <a href=\"https:\/\/monasalehinotaire.com\/fr\/category\/non-classifiee\/\" rel=\"category tag\">Non classifi\u00e9(e)<\/a><span class=\"fusion-inline-sep\">|<\/span><span class=\"fusion-comments\"><a href=\"https:\/\/monasalehinotaire.com\/fr\/ne-laissez-pas-chatgpt-gacher-votre-mariage\/#respond\">0 Comments<\/a><\/span><\/div><div class=\"fusion-alignright\"><a class=\"fusion-read-more\" href=\"https:\/\/monasalehinotaire.com\/fr\/ne-laissez-pas-chatgpt-gacher-votre-mariage\/\" aria-label=\"More on Ne laissez pas ChatGPT g\u00e2cher votre mariage!\">Read More<\/a><\/div><\/div><\/article>\n<article id=\"blog-1-post-55423\" class=\"fusion-post-large post-55423 post type-post status-publish format-standard hentry category-non-classifiee\">\n\t<style type=\"text\/css\">\n\t\t\n\t\t\n\t\t\n\t\t\n\t\t\t<\/style>\n\n\n<div class=\"fusion-post-content post-content\"><h2 class=\"blog-shortcode-post-title entry-title\"><a href=\"https:\/\/monasalehinotaire.com\/fr\/testament-avec-chatgpt-les-7-risques-que-vous-devez-connaitre\/\">Testament avec ChatGPT &#8211; Les 7 risques que vous devez conna\u00eetre<\/a><\/h2><div class=\"fusion-post-content-container\"><p>L'intelligence artificielle fait d\u00e9sormais partie de notre quotidien. ChatGPT et [...]<\/p><\/div><\/div><div class=\"fusion-clearfix\"><\/div><div class=\"fusion-meta-info\"><div class=\"fusion-alignleft\"><span class=\"updated\" style=\"display:none;\">2025-11-23T11:04:11-04:00<\/span><span>9 novembre 2025<\/span><span class=\"fusion-inline-sep\">|<\/span>Categories: <a href=\"https:\/\/monasalehinotaire.com\/fr\/category\/non-classifiee\/\" rel=\"category tag\">Non classifi\u00e9(e)<\/a><span class=\"fusion-inline-sep\">|<\/span><span class=\"fusion-comments\"><a href=\"https:\/\/monasalehinotaire.com\/fr\/testament-avec-chatgpt-les-7-risques-que-vous-devez-connaitre\/#respond\">0 Comments<\/a><\/span><\/div><div class=\"fusion-alignright\"><a class=\"fusion-read-more\" href=\"https:\/\/monasalehinotaire.com\/fr\/testament-avec-chatgpt-les-7-risques-que-vous-devez-connaitre\/\" aria-label=\"More on Testament avec ChatGPT &#8211; Les 7 risques que vous devez conna\u00eetre\">Read More<\/a><\/div><\/div><\/article>\n<article id=\"blog-1-post-55199\" class=\"fusion-post-large post-55199 post type-post status-publish format-standard hentry category-non-classifiee\">\n\t<style type=\"text\/css\">\n\t\t\n\t\t\n\t\t\n\t\t\n\t\t\t<\/style>\n\n\n<div class=\"fusion-post-content post-content\"><h2 class=\"blog-shortcode-post-title entry-title\"><a href=\"https:\/\/monasalehinotaire.com\/fr\/testament-au-quebec-reponses-aux-questions-les-plus-frequentes\/\">Testament au Qu\u00e9bec : R\u00e9ponses aux questions les plus fr\u00e9quentes<\/a><\/h2><div class=\"fusion-post-content-container\"><p>Vous vous interrogez sur l'importance de faire un testament? Vous [...]<\/p><\/div><\/div><div class=\"fusion-clearfix\"><\/div><div class=\"fusion-meta-info\"><div class=\"fusion-alignleft\"><span class=\"updated\" style=\"display:none;\">2025-11-23T11:49:51-04:00<\/span><span>12 octobre 2025<\/span><span class=\"fusion-inline-sep\">|<\/span>Categories: <a href=\"https:\/\/monasalehinotaire.com\/fr\/category\/non-classifiee\/\" rel=\"category tag\">Non classifi\u00e9(e)<\/a><span class=\"fusion-inline-sep\">|<\/span><span class=\"fusion-comments\"><a href=\"https:\/\/monasalehinotaire.com\/fr\/testament-au-quebec-reponses-aux-questions-les-plus-frequentes\/#respond\">0 Comments<\/a><\/span><\/div><div class=\"fusion-alignright\"><a class=\"fusion-read-more\" href=\"https:\/\/monasalehinotaire.com\/fr\/testament-au-quebec-reponses-aux-questions-les-plus-frequentes\/\" aria-label=\"More on Testament au Qu\u00e9bec : R\u00e9ponses aux questions les plus fr\u00e9quentes\">Read More<\/a><\/div><\/div><\/article>\n<article id=\"blog-1-post-54788\" class=\"fusion-post-large post-54788 post type-post status-publish format-standard hentry category-non-classifiee\">\n\t<style type=\"text\/css\">\n\t\t\n\t\t\n\t\t\n\t\t\n\t\t\t<\/style>\n\n\n<div class=\"fusion-post-content post-content\"><h2 class=\"blog-shortcode-post-title entry-title\"><a href=\"https:\/\/monasalehinotaire.com\/fr\/documents-originaux-requis-pourquoi-les-photocopies-ne-suffisent-pas\/\">Documents originaux requis &#8211; Pourquoi les photocopies ne suffisent pas<\/a><\/h2><div class=\"fusion-post-content-container\"><p>En tant que bureau de notaire au Qu\u00e9bec, nous devons [...]<\/p><\/div><\/div><div class=\"fusion-clearfix\"><\/div><div class=\"fusion-meta-info\"><div class=\"fusion-alignleft\"><span class=\"updated\" style=\"display:none;\">2025-11-23T10:56:54-04:00<\/span><span>5 septembre 2025<\/span><span class=\"fusion-inline-sep\">|<\/span>Categories: <a href=\"https:\/\/monasalehinotaire.com\/fr\/category\/non-classifiee\/\" rel=\"category tag\">Non classifi\u00e9(e)<\/a><span class=\"fusion-inline-sep\">|<\/span><span class=\"fusion-comments\"><a href=\"https:\/\/monasalehinotaire.com\/fr\/documents-originaux-requis-pourquoi-les-photocopies-ne-suffisent-pas\/#respond\">0 Comments<\/a><\/span><\/div><div class=\"fusion-alignright\"><a class=\"fusion-read-more\" href=\"https:\/\/monasalehinotaire.com\/fr\/documents-originaux-requis-pourquoi-les-photocopies-ne-suffisent-pas\/\" aria-label=\"More on Documents originaux requis &#8211; Pourquoi les photocopies ne suffisent pas\">Read More<\/a><\/div><\/div><\/article>\n<article id=\"blog-1-post-39551\" class=\"fusion-post-large post-39551 post type-post status-publish format-standard hentry category-non-classifiee\">\n\t<style type=\"text\/css\">\n\t\t\n\t\t\n\t\t\n\t\t\n\t\t\t<\/style>\n\n\n<div class=\"fusion-post-content post-content\"><h2 class=\"blog-shortcode-post-title entry-title\"><a href=\"https:\/\/monasalehinotaire.com\/fr\/volontes-funeraires-testament-prearrangements-depot-volontes\/\">Volont\u00e9s fun\u00e9raires au Qu\u00e9bec : Testament, pr\u00e9arrangements ou d\u00e9p\u00f4t de volont\u00e9s ?<\/a><\/h2><div class=\"fusion-post-content-container\"><p>La planification de ses derni\u00e8res volont\u00e9s repr\u00e9sente un acte de [...]<\/p><\/div><\/div><div class=\"fusion-clearfix\"><\/div><div class=\"fusion-meta-info\"><div class=\"fusion-alignleft\"><span class=\"updated\" style=\"display:none;\">2025-09-26T12:29:20-04:00<\/span><span>18 juillet 2025<\/span><span class=\"fusion-inline-sep\">|<\/span>Categories: <a href=\"https:\/\/monasalehinotaire.com\/fr\/category\/non-classifiee\/\" rel=\"category tag\">Non classifi\u00e9(e)<\/a><span class=\"fusion-inline-sep\">|<\/span><span class=\"fusion-comments\"><a href=\"https:\/\/monasalehinotaire.com\/fr\/volontes-funeraires-testament-prearrangements-depot-volontes\/#respond\">0 Comments<\/a><\/span><\/div><div class=\"fusion-alignright\"><a class=\"fusion-read-more\" href=\"https:\/\/monasalehinotaire.com\/fr\/volontes-funeraires-testament-prearrangements-depot-volontes\/\" aria-label=\"More on Volont\u00e9s fun\u00e9raires au Qu\u00e9bec : Testament, pr\u00e9arrangements ou d\u00e9p\u00f4t de volont\u00e9s ?\">Read More<\/a><\/div><\/div><\/article>\n<article id=\"blog-1-post-906\" class=\"fusion-post-large post-906 post type-post status-publish format-standard hentry category-celebrant-de-mariages-civils category-mariage-civil category-regimes-matrimoniaux tag-celebrant-de-mariage tag-mariage-au-palais-de-justice tag-mariage-civil-2 tag-mariage-civil-au-palais-de-justice\">\n\t<style type=\"text\/css\">\n\t\t\n\t\t\n\t\t\n\t\t\n\t\t\t<\/style>\n\n\n<div class=\"fusion-post-content post-content\"><h2 class=\"blog-shortcode-post-title entry-title\"><a href=\"https:\/\/monasalehinotaire.com\/fr\/mariage-civil-palais-justice-montreal\/\">Faire un mariage civil au Palais de justice de Montr\u00e9al<\/a><\/h2><div class=\"fusion-post-content-container\"><p> Se marier au Palais de justice de Montr\u00e9al est [...]<\/p><\/div><\/div><div class=\"fusion-clearfix\"><\/div><div class=\"fusion-meta-info\"><div class=\"fusion-alignleft\"><span class=\"updated\" style=\"display:none;\">2025-08-06T01:59:49-04:00<\/span><span>11 juin 2025<\/span><span class=\"fusion-inline-sep\">|<\/span>Categories: <a href=\"https:\/\/monasalehinotaire.com\/fr\/category\/celebrant-de-mariages-civils\/\" rel=\"category tag\">c\u00e9l\u00e9brant de mariages civils<\/a>, <a href=\"https:\/\/monasalehinotaire.com\/fr\/category\/mariage-civil\/\" rel=\"category tag\">Mariage civil<\/a>, <a href=\"https:\/\/monasalehinotaire.com\/fr\/category\/regimes-matrimoniaux\/\" rel=\"category tag\">R\u00e9gimes matrimoniaux<\/a><span class=\"fusion-inline-sep\">|<\/span><span class=\"meta-tags\">Tags: <a href=\"https:\/\/monasalehinotaire.com\/fr\/tag\/celebrant-de-mariage\/\" rel=\"tag\">c\u00e9l\u00e9brant de mariage<\/a>, <a href=\"https:\/\/monasalehinotaire.com\/fr\/tag\/mariage-au-palais-de-justice\/\" rel=\"tag\">mariage au palais de justice<\/a>, <a href=\"https:\/\/monasalehinotaire.com\/fr\/tag\/mariage-civil-2\/\" rel=\"tag\">mariage civil<\/a>, <a href=\"https:\/\/monasalehinotaire.com\/fr\/tag\/mariage-civil-au-palais-de-justice\/\" rel=\"tag\">mariage civil au Palais de justice<\/a><\/span><span class=\"fusion-inline-sep\">|<\/span><span class=\"fusion-comments\"><a href=\"https:\/\/monasalehinotaire.com\/fr\/mariage-civil-palais-justice-montreal\/#comments\">4 Comments<\/a><\/span><\/div><div class=\"fusion-alignright\"><a class=\"fusion-read-more\" href=\"https:\/\/monasalehinotaire.com\/fr\/mariage-civil-palais-justice-montreal\/\" aria-label=\"More on Faire un mariage civil au Palais de justice de Montr\u00e9al\">Read More<\/a><\/div><\/div><\/article>\n<\/div><div class=\"pagination clearfix\"><span class=\"current\">1<\/span><a href=\"https:\/\/monasalehinotaire.com\/fr\/wp-json\/wp\/v2\/pages\/9858\/page\/2\/\" class=\"inactive\">2<\/a><a class=\"pagination-next\" rel=\"next\" href=\"https:\/\/monasalehinotaire.com\/fr\/wp-json\/wp\/v2\/pages\/9858\/page\/2\/\"><span class=\"page-text\">Next<\/span><span class=\"page-next\"><\/span><\/a><\/div><div class=\"fusion-clearfix\"><\/div><\/div><\/div><\/div><div class=\"fusion-layout-column fusion_builder_column fusion-builder-column-1 fusion_builder_column_1_4 1_4 fusion-flex-column\" style=\"--awb-bg-size:cover;--awb-width-large:25%;--awb-margin-top-large:0px;--awb-spacing-right-large:9.5%;--awb-margin-bottom-large:20px;--awb-spacing-left-large:9.5%;--awb-width-medium:25%;--awb-order-medium:0;--awb-spacing-right-medium:9.5%;--awb-spacing-left-medium:9.5%;--awb-width-small:100%;--awb-order-small:0;--awb-spacing-right-small:2.375%;--awb-spacing-left-small:2.375%;\"><div class=\"fusion-column-wrapper fusion-column-has-shadow fusion-flex-justify-content-flex-start fusion-content-layout-column\"><div class=\"fusion-widget-area awb-widget-area-element fusion-widget-area-1 fusion-content-widget-area\" style=\"--awb-title-size:28px;--awb-title-color:var(--awb-color8);--awb-padding:0px 0px 0px 0px;\"><section id=\"search-3\" class=\"widget widget_search\" style=\"border-style: solid;border-color:transparent;border-width:0px;\"><div class=\"heading\"><h4 class=\"widget-title\">Cherche<\/h4><\/div>\t\t<form role=\"search\" class=\"searchform fusion-search-form  fusion-search-form-clean\" method=\"get\" action=\"https:\/\/monasalehinotaire.com\/fr\/\">\n\t\t\t<div class=\"fusion-search-form-content\">\n\n\t\t\t\t\n\t\t\t\t<div class=\"fusion-search-field search-field\">\n\t\t\t\t\t<label><span class=\"screen-reader-text\">Search for:<\/span>\n\t\t\t\t\t\t\t\t\t\t\t\t\t<input type=\"search\" value=\"\" name=\"s\" class=\"s\" placeholder=\"Search...\" required aria-required=\"true\" aria-label=\"Search...\"\/>\n\t\t\t\t\t\t\t\t\t\t\t<\/label>\n\t\t\t\t<\/div>\n\t\t\t\t<div class=\"fusion-search-button search-button\">\n\t\t\t\t\t<input type=\"submit\" class=\"fusion-search-submit searchsubmit\" aria-label=\"Search\" value=\"&#xf002;\" \/>\n\t\t\t\t\t\t\t\t\t<\/div>\n\n\t\t\t\t\n\t\t\t<\/div>\n\n\n\t\t\t\n\t\t<\/form>\n\t\t<\/section><section id=\"text-21\" class=\"widget widget_text\" style=\"border-style: solid;border-color:transparent;border-width:0px;\">\t\t\t<div class=\"textwidget\"><h4 style=\"margin-bottom: 0px;\"><span class=\"accent-8\">Num\u00e9ro de t\u00e9l\u00e9phone<\/span><\/h4>\n<h2><span class=\"accent-1\"><a style=\"font-size: 100%;\" href=\"tel:+15149038560\">514-903-8560<\/a><\/span><\/h2>\n<h4 style=\"padding-left: 5px; margin-bottom: 0px;\"><span class=\"accent-8\">Num\u00e9ro de fax<\/span><\/h4>\n<h2 style=\"padding-left: 5px;\"><span class=\"accent-1\">514-903-8561<\/span><\/h2>\n<\/div>\n\t\t<\/section><section id=\"text-13\" class=\"widget widget_text\" style=\"border-style: solid;border-color:transparent;border-width:0px;\">\t\t\t<div class=\"textwidget\"><p><strong>Address:<\/strong> 1602A Avenue Selkirk, Montr\u00e9al, QC H3H 1C6<\/p>\n<\/div>\n\t\t<\/section><div class=\"fusion-additional-widget-content\"><\/div><\/div><\/div><\/div><\/div><\/div>\n","protected":false},"excerpt":{"rendered":"<p>X Contactez Me Mona Salehi Notaire et c\u00e9l\u00e9brant de mariage  [&#8230;]<\/p>\n","protected":false},"author":1,"featured_media":0,"parent":0,"menu_order":2,"comment_status":"closed","ping_status":"closed","template":"100-width.php","meta":{"footnotes":""},"class_list":["post-9858","page","type-page","status-publish","hentry"],"yoast_head":"<!-- This site is optimized with the Yoast SEO plugin v26.2 - https:\/\/yoast.com\/wordpress\/plugins\/seo\/ -->\n<title>Blogue - MonaSalehiNotaire.com<\/title>\n<meta name=\"description\" content=\"D\u00e9couvrez nos articles pour en savoir plus sur les services notariaux, le mariage, la succession et bien d&#039;autres sujets juridiques au Qu\u00e9bec.\" \/>\n<meta name=\"robots\" content=\"index, follow, max-snippet:-1, max-image-preview:large, max-video-preview:-1\" \/>\n<link rel=\"canonical\" href=\"https:\/\/monasalehinotaire.com\/fr\/blog\/\" \/>\n<meta name=\"twitter:label1\" content=\"Est. reading time\" \/>\n\t<meta name=\"twitter:data1\" content=\"2 minutes\" \/>\n<script type=\"application\/ld+json\" class=\"yoast-schema-graph\">{\"@context\":\"https:\/\/schema.org\",\"@graph\":[{\"@type\":\"WebPage\",\"@id\":\"https:\/\/monasalehinotaire.com\/fr\/blog\/\",\"url\":\"https:\/\/monasalehinotaire.com\/fr\/blog\/\",\"name\":\"Blogue - MonaSalehiNotaire.com\",\"isPartOf\":{\"@id\":\"https:\/\/monasalehinotaire.com\/#website\"},\"datePublished\":\"2013-03-22T18:53:51+00:00\",\"dateModified\":\"2025-04-01T21:21:34+00:00\",\"description\":\"D\u00e9couvrez nos articles pour en savoir plus sur les services notariaux, le mariage, la succession et bien d'autres sujets juridiques au Qu\u00e9bec.\",\"inLanguage\":\"fr-CA\",\"potentialAction\":[{\"@type\":\"ReadAction\",\"target\":[\"https:\/\/monasalehinotaire.com\/fr\/blog\/\"]}]},{\"@type\":\"WebSite\",\"@id\":\"https:\/\/monasalehinotaire.com\/#website\",\"url\":\"https:\/\/monasalehinotaire.com\/\",\"name\":\"Mtre. Mona Salehi, notary in Montreal\",\"description\":\"\",\"publisher\":{\"@id\":\"https:\/\/monasalehinotaire.com\/#organization\"},\"potentialAction\":[{\"@type\":\"SearchAction\",\"target\":{\"@type\":\"EntryPoint\",\"urlTemplate\":\"https:\/\/monasalehinotaire.com\/?s={search_term_string}\"},\"query-input\":{\"@type\":\"PropertyValueSpecification\",\"valueRequired\":true,\"valueName\":\"search_term_string\"}}],\"inLanguage\":\"fr-CA\"},{\"@type\":\"Organization\",\"@id\":\"https:\/\/monasalehinotaire.com\/#organization\",\"name\":\"Mtre. Mona Salehi, notary in Montreal\",\"url\":\"https:\/\/monasalehinotaire.com\/\",\"logo\":{\"@type\":\"ImageObject\",\"inLanguage\":\"fr-CA\",\"@id\":\"https:\/\/monasalehinotaire.com\/#\/schema\/logo\/image\/\",\"url\":\"https:\/\/monasalehinotaire.com\/wp-content\/uploads\/2016\/04\/Mona-logo-new.png\",\"contentUrl\":\"https:\/\/monasalehinotaire.com\/wp-content\/uploads\/2016\/04\/Mona-logo-new.png\",\"width\":603,\"height\":140,\"caption\":\"Mtre. Mona Salehi, notary in Montreal\"},\"image\":{\"@id\":\"https:\/\/monasalehinotaire.com\/#\/schema\/logo\/image\/\"}}]}<\/script>\n<!-- \/ Yoast SEO plugin. -->","yoast_head_json":{"title":"Blogue - MonaSalehiNotaire.com","description":"D\u00e9couvrez nos articles pour en savoir plus sur les services notariaux, le mariage, la succession et bien d'autres sujets juridiques au Qu\u00e9bec.","robots":{"index":"index","follow":"follow","max-snippet":"max-snippet:-1","max-image-preview":"max-image-preview:large","max-video-preview":"max-video-preview:-1"},"canonical":"https:\/\/monasalehinotaire.com\/fr\/blog\/","twitter_misc":{"Est. reading time":"2 minutes"},"schema":{"@context":"https:\/\/schema.org","@graph":[{"@type":"WebPage","@id":"https:\/\/monasalehinotaire.com\/fr\/blog\/","url":"https:\/\/monasalehinotaire.com\/fr\/blog\/","name":"Blogue - MonaSalehiNotaire.com","isPartOf":{"@id":"https:\/\/monasalehinotaire.com\/#website"},"datePublished":"2013-03-22T18:53:51+00:00","dateModified":"2025-04-01T21:21:34+00:00","description":"D\u00e9couvrez nos articles pour en savoir plus sur les services notariaux, le mariage, la succession et bien d'autres sujets juridiques au Qu\u00e9bec.","inLanguage":"fr-CA","potentialAction":[{"@type":"ReadAction","target":["https:\/\/monasalehinotaire.com\/fr\/blog\/"]}]},{"@type":"WebSite","@id":"https:\/\/monasalehinotaire.com\/#website","url":"https:\/\/monasalehinotaire.com\/","name":"Mtre. Mona Salehi, notary in Montreal","description":"","publisher":{"@id":"https:\/\/monasalehinotaire.com\/#organization"},"potentialAction":[{"@type":"SearchAction","target":{"@type":"EntryPoint","urlTemplate":"https:\/\/monasalehinotaire.com\/?s={search_term_string}"},"query-input":{"@type":"PropertyValueSpecification","valueRequired":true,"valueName":"search_term_string"}}],"inLanguage":"fr-CA"},{"@type":"Organization","@id":"https:\/\/monasalehinotaire.com\/#organization","name":"Mtre. Mona Salehi, notary in Montreal","url":"https:\/\/monasalehinotaire.com\/","logo":{"@type":"ImageObject","inLanguage":"fr-CA","@id":"https:\/\/monasalehinotaire.com\/#\/schema\/logo\/image\/","url":"https:\/\/monasalehinotaire.com\/wp-content\/uploads\/2016\/04\/Mona-logo-new.png","contentUrl":"https:\/\/monasalehinotaire.com\/wp-content\/uploads\/2016\/04\/Mona-logo-new.png","width":603,"height":140,"caption":"Mtre. Mona Salehi, notary in Montreal"},"image":{"@id":"https:\/\/monasalehinotaire.com\/#\/schema\/logo\/image\/"}}]}},"publishpress_future_action":{"enabled":false,"date":"2026-05-08 05:58:35","action":"change-status","newStatus":"draft","terms":[],"taxonomy":"translation_priority","extraData":[]},"publishpress_future_workflow_manual_trigger":{"enabledWorkflows":[]},"_links":{"self":[{"href":"https:\/\/monasalehinotaire.com\/fr\/wp-json\/wp\/v2\/pages\/9858","targetHints":{"allow":["GET"]}}],"collection":[{"href":"https:\/\/monasalehinotaire.com\/fr\/wp-json\/wp\/v2\/pages"}],"about":[{"href":"https:\/\/monasalehinotaire.com\/fr\/wp-json\/wp\/v2\/types\/page"}],"author":[{"embeddable":true,"href":"https:\/\/monasalehinotaire.com\/fr\/wp-json\/wp\/v2\/users\/1"}],"replies":[{"embeddable":true,"href":"https:\/\/monasalehinotaire.com\/fr\/wp-json\/wp\/v2\/comments?post=9858"}],"version-history":[{"count":0,"href":"https:\/\/monasalehinotaire.com\/fr\/wp-json\/wp\/v2\/pages\/9858\/revisions"}],"wp:attachment":[{"href":"https:\/\/monasalehinotaire.com\/fr\/wp-json\/wp\/v2\/media?parent=9858"}],"curies":[{"name":"wp","href":"https:\/\/api.w.org\/{rel}","templated":true}]}}